{"id":5751,"date":"2025-05-09T13:13:07","date_gmt":"2025-05-09T13:13:07","guid":{"rendered":"https:\/\/myfeqd.com\/?post_type=product&#038;p=5751"},"modified":"2025-05-09T13:13:07","modified_gmt":"2025-05-09T13:13:07","slug":"union-elbow-fitting-pv","status":"publish","type":"product","link":"https:\/\/myfeqd.com\/es\/producto\/union-elbow-fitting-pv\/","title":{"rendered":"Racor codo de uni\u00f3n PV"},"content":{"rendered":"<p>El racor codo de uni\u00f3n PV es una junta que cambia la direcci\u00f3n de la trayectoria del aire en el sistema neum\u00e1tico. Est\u00e1 dise\u00f1ado para evitar que la tuber\u00eda de aire se da\u00f1e y tenga fugas debido a la flexi\u00f3n.<br \/>\nConexi\u00f3n en \u00e1ngulo de 90\u00b0.<br \/>\nLo llamamos racor r\u00e1pido de codo PV.<br \/>\nA continuaci\u00f3n se describen detalladamente los materiales, par\u00e1metros, caracter\u00edsticas, forma de adquisici\u00f3n, instalaci\u00f3n, etc. de Union Elbow Fitting PV.<\/p>","protected":false},"excerpt":{"rendered":"<ul>\n<li>Conexi\u00f3n y desconexi\u00f3n f\u00e1ciles y r\u00e1pidas<\/li>\n<li>Gran capacidad de sellado<\/li>\n<li>No es f\u00e1cil que se caiga de la tr\u00e1quea, la tapa<\/li>\n<li>Amplia gama de aplicaciones<\/li>\n<\/ul>","protected":false},"featured_media":5752,"comment_status":"open","ping_status":"closed","template":"","meta":{"_uag_custom_page_level_css":""},"product_brand":[],"product_cat":[81],"product_tag":[],"class_list":{"0":"post-5751","1":"product","2":"type-product","3":"status-publish","4":"has-post-thumbnail","6":"product_cat-pneumatic-push-fitting","8":"first","9":"instock","10":"shipping-taxable","11":"product-type-simple"},"yoast_head":"<!-- This site is optimized with the Yoast SEO plugin v27.5 - https:\/\/yoast.com\/product\/yoast-seo-wordpress\/ -->\n<title>Union Elbow Fitting PV - MYFEQD Pneumatic<\/title>\n<meta name=\"robots\" content=\"index, follow, max-snippet:-1, max-image-preview:large, max-video-preview:-1\" \/>\n<link rel=\"canonical\" href=\"https:\/\/myfeqd.com\/es\/producto\/union-elbow-fitting-pv\/\" \/>\n<meta property=\"og:locale\" content=\"es_ES\" \/>\n<meta property=\"og:type\" content=\"article\" \/>\n<meta property=\"og:title\" content=\"Union Elbow Fitting PV - MYFEQD Pneumatic\" \/>\n<meta property=\"og:description\" content=\"Easy and quick connection and removal  Strong sealing performance  Not easy to fall off the trachea, the cap  Wide range of applications\" \/>\n<meta property=\"og:url\" content=\"https:\/\/myfeqd.com\/es\/producto\/union-elbow-fitting-pv\/\" \/>\n<meta property=\"og:site_name\" content=\"MYFEQD Pneumatic\" \/>\n<meta property=\"article:publisher\" content=\"https:\/\/www.facebook.com\/people\/Yuan-Qi\/\" \/>\n<meta property=\"og:image\" content=\"https:\/\/myfeqd.com\/wp-content\/uploads\/2025\/05\/Union-elbow-fitting-PV.jpg\" \/>\n\t<meta property=\"og:image:width\" content=\"640\" \/>\n\t<meta property=\"og:image:height\" content=\"640\" \/>\n\t<meta property=\"og:image:type\" content=\"image\/jpeg\" \/>\n<meta name=\"twitter:card\" content=\"summary_large_image\" \/>\n<meta name=\"twitter:label1\" content=\"Tiempo de lectura\" \/>\n\t<meta name=\"twitter:data1\" content=\"1 minuto\" \/>\n<script type=\"application\/ld+json\" class=\"yoast-schema-graph\">{\"@context\":\"https:\\\/\\\/schema.org\",\"@graph\":[{\"@type\":\"WebPage\",\"@id\":\"https:\\\/\\\/myfeqd.com\\\/product\\\/union-elbow-fitting-pv\\\/\",\"url\":\"https:\\\/\\\/myfeqd.com\\\/product\\\/union-elbow-fitting-pv\\\/\",\"name\":\"Union Elbow Fitting PV - MYFEQD Pneumatic\",\"isPartOf\":{\"@id\":\"https:\\\/\\\/myfeqd.com\\\/#website\"},\"primaryImageOfPage\":{\"@id\":\"https:\\\/\\\/myfeqd.com\\\/product\\\/union-elbow-fitting-pv\\\/#primaryimage\"},\"image\":{\"@id\":\"https:\\\/\\\/myfeqd.com\\\/product\\\/union-elbow-fitting-pv\\\/#primaryimage\"},\"thumbnailUrl\":\"https:\\\/\\\/myfeqd.com\\\/wp-content\\\/uploads\\\/2025\\\/05\\\/Union-elbow-fitting-PV.jpg\",\"datePublished\":\"2025-05-09T13:13:07+00:00\",\"breadcrumb\":{\"@id\":\"https:\\\/\\\/myfeqd.com\\\/product\\\/union-elbow-fitting-pv\\\/#breadcrumb\"},\"inLanguage\":\"es\",\"potentialAction\":[{\"@type\":\"ReadAction\",\"target\":[\"https:\\\/\\\/myfeqd.com\\\/product\\\/union-elbow-fitting-pv\\\/\"]}]},{\"@type\":\"ImageObject\",\"inLanguage\":\"es\",\"@id\":\"https:\\\/\\\/myfeqd.com\\\/product\\\/union-elbow-fitting-pv\\\/#primaryimage\",\"url\":\"https:\\\/\\\/myfeqd.com\\\/wp-content\\\/uploads\\\/2025\\\/05\\\/Union-elbow-fitting-PV.jpg\",\"contentUrl\":\"https:\\\/\\\/myfeqd.com\\\/wp-content\\\/uploads\\\/2025\\\/05\\\/Union-elbow-fitting-PV.jpg\",\"width\":640,\"height\":640,\"caption\":\"Union elbow fitting PV\"},{\"@type\":\"BreadcrumbList\",\"@id\":\"https:\\\/\\\/myfeqd.com\\\/product\\\/union-elbow-fitting-pv\\\/#breadcrumb\",\"itemListElement\":[{\"@type\":\"ListItem\",\"position\":1,\"name\":\"\u9996\u9875\",\"item\":\"https:\\\/\\\/myfeqd.com\\\/\"},{\"@type\":\"ListItem\",\"position\":2,\"name\":\"Products\",\"item\":\"https:\\\/\\\/myfeqd.com\\\/products\\\/\"},{\"@type\":\"ListItem\",\"position\":3,\"name\":\"Union Elbow Fitting PV\"}]},{\"@type\":\"WebSite\",\"@id\":\"https:\\\/\\\/myfeqd.com\\\/#website\",\"url\":\"https:\\\/\\\/myfeqd.com\\\/\",\"name\":\"MYFEQD Pneumatic\",\"description\":\"We are pneumatic manufacturer in China\",\"publisher\":{\"@id\":\"https:\\\/\\\/myfeqd.com\\\/#organization\"},\"alternateName\":\"MYFEQD Pneumatic\",\"potentialAction\":[{\"@type\":\"SearchAction\",\"target\":{\"@type\":\"EntryPoint\",\"urlTemplate\":\"https:\\\/\\\/myfeqd.com\\\/?s={search_term_string}\"},\"query-input\":{\"@type\":\"PropertyValueSpecification\",\"valueRequired\":true,\"valueName\":\"search_term_string\"}}],\"inLanguage\":\"es\"},{\"@type\":\"Organization\",\"@id\":\"https:\\\/\\\/myfeqd.com\\\/#organization\",\"name\":\"Pneumatic Manufacturer In China - MYFEQD Pneumatic\",\"url\":\"https:\\\/\\\/myfeqd.com\\\/\",\"logo\":{\"@type\":\"ImageObject\",\"inLanguage\":\"es\",\"@id\":\"https:\\\/\\\/myfeqd.com\\\/#\\\/schema\\\/logo\\\/image\\\/\",\"url\":\"https:\\\/\\\/myfeqd.com\\\/wp-content\\\/uploads\\\/2025\\\/03\\\/MYFEQD-Logo-NEW2.png\",\"contentUrl\":\"https:\\\/\\\/myfeqd.com\\\/wp-content\\\/uploads\\\/2025\\\/03\\\/MYFEQD-Logo-NEW2.png\",\"width\":350,\"height\":100,\"caption\":\"Pneumatic Manufacturer In China - MYFEQD Pneumatic\"},\"image\":{\"@id\":\"https:\\\/\\\/myfeqd.com\\\/#\\\/schema\\\/logo\\\/image\\\/\"},\"sameAs\":[\"https:\\\/\\\/www.facebook.com\\\/people\\\/Yuan-Qi\\\/\"]}]}<\/script>\n<!-- \/ Yoast SEO plugin. -->","yoast_head_json":{"title":"Union Elbow Fitting PV - MYFEQD Pneumatic","robots":{"index":"index","follow":"follow","max-snippet":"max-snippet:-1","max-image-preview":"max-image-preview:large","max-video-preview":"max-video-preview:-1"},"canonical":"https:\/\/myfeqd.com\/es\/producto\/union-elbow-fitting-pv\/","og_locale":"es_ES","og_type":"article","og_title":"Union Elbow Fitting PV - MYFEQD Pneumatic","og_description":"Easy and quick connection and removal  Strong sealing performance  Not easy to fall off the trachea, the cap  Wide range of applications","og_url":"https:\/\/myfeqd.com\/es\/producto\/union-elbow-fitting-pv\/","og_site_name":"MYFEQD Pneumatic","article_publisher":"https:\/\/www.facebook.com\/people\/Yuan-Qi\/","og_image":[{"width":640,"height":640,"url":"https:\/\/myfeqd.com\/wp-content\/uploads\/2025\/05\/Union-elbow-fitting-PV.jpg","type":"image\/jpeg"}],"twitter_card":"summary_large_image","twitter_misc":{"Tiempo de lectura":"1 minuto"},"schema":{"@context":"https:\/\/schema.org","@graph":[{"@type":"WebPage","@id":"https:\/\/myfeqd.com\/product\/union-elbow-fitting-pv\/","url":"https:\/\/myfeqd.com\/product\/union-elbow-fitting-pv\/","name":"Union Elbow Fitting PV - MYFEQD Pneumatic","isPartOf":{"@id":"https:\/\/myfeqd.com\/#website"},"primaryImageOfPage":{"@id":"https:\/\/myfeqd.com\/product\/union-elbow-fitting-pv\/#primaryimage"},"image":{"@id":"https:\/\/myfeqd.com\/product\/union-elbow-fitting-pv\/#primaryimage"},"thumbnailUrl":"https:\/\/myfeqd.com\/wp-content\/uploads\/2025\/05\/Union-elbow-fitting-PV.jpg","datePublished":"2025-05-09T13:13:07+00:00","breadcrumb":{"@id":"https:\/\/myfeqd.com\/product\/union-elbow-fitting-pv\/#breadcrumb"},"inLanguage":"es","potentialAction":[{"@type":"ReadAction","target":["https:\/\/myfeqd.com\/product\/union-elbow-fitting-pv\/"]}]},{"@type":"ImageObject","inLanguage":"es","@id":"https:\/\/myfeqd.com\/product\/union-elbow-fitting-pv\/#primaryimage","url":"https:\/\/myfeqd.com\/wp-content\/uploads\/2025\/05\/Union-elbow-fitting-PV.jpg","contentUrl":"https:\/\/myfeqd.com\/wp-content\/uploads\/2025\/05\/Union-elbow-fitting-PV.jpg","width":640,"height":640,"caption":"Union elbow fitting PV"},{"@type":"BreadcrumbList","@id":"https:\/\/myfeqd.com\/product\/union-elbow-fitting-pv\/#breadcrumb","itemListElement":[{"@type":"ListItem","position":1,"name":"\u9996\u9875","item":"https:\/\/myfeqd.com\/"},{"@type":"ListItem","position":2,"name":"Products","item":"https:\/\/myfeqd.com\/products\/"},{"@type":"ListItem","position":3,"name":"Union Elbow Fitting PV"}]},{"@type":"WebSite","@id":"https:\/\/myfeqd.com\/#website","url":"https:\/\/myfeqd.com\/","name":"MYFEQD Pneumatic","description":"We are pneumatic manufacturer in China","publisher":{"@id":"https:\/\/myfeqd.com\/#organization"},"alternateName":"MYFEQD Pneumatic","potentialAction":[{"@type":"SearchAction","target":{"@type":"EntryPoint","urlTemplate":"https:\/\/myfeqd.com\/?s={search_term_string}"},"query-input":{"@type":"PropertyValueSpecification","valueRequired":true,"valueName":"search_term_string"}}],"inLanguage":"es"},{"@type":"Organization","@id":"https:\/\/myfeqd.com\/#organization","name":"Pneumatic Manufacturer In China - MYFEQD Pneumatic","url":"https:\/\/myfeqd.com\/","logo":{"@type":"ImageObject","inLanguage":"es","@id":"https:\/\/myfeqd.com\/#\/schema\/logo\/image\/","url":"https:\/\/myfeqd.com\/wp-content\/uploads\/2025\/03\/MYFEQD-Logo-NEW2.png","contentUrl":"https:\/\/myfeqd.com\/wp-content\/uploads\/2025\/03\/MYFEQD-Logo-NEW2.png","width":350,"height":100,"caption":"Pneumatic Manufacturer In China - MYFEQD Pneumatic"},"image":{"@id":"https:\/\/myfeqd.com\/#\/schema\/logo\/image\/"},"sameAs":["https:\/\/www.facebook.com\/people\/Yuan-Qi\/"]}]}},"uagb_featured_image_src":{"full":["https:\/\/myfeqd.com\/wp-content\/uploads\/2025\/05\/Union-elbow-fitting-PV.jpg",640,640,false],"thumbnail":["https:\/\/myfeqd.com\/wp-content\/uploads\/2025\/05\/Union-elbow-fitting-PV-150x150.jpg",150,150,true],"medium":["https:\/\/myfeqd.com\/wp-content\/uploads\/2025\/05\/Union-elbow-fitting-PV-300x300.jpg",300,300,true],"medium_large":["https:\/\/myfeqd.com\/wp-content\/uploads\/2025\/05\/Union-elbow-fitting-PV.jpg",640,640,false],"large":["https:\/\/myfeqd.com\/wp-content\/uploads\/2025\/05\/Union-elbow-fitting-PV.jpg",640,640,false],"1536x1536":["https:\/\/myfeqd.com\/wp-content\/uploads\/2025\/05\/Union-elbow-fitting-PV.jpg",640,640,false],"2048x2048":["https:\/\/myfeqd.com\/wp-content\/uploads\/2025\/05\/Union-elbow-fitting-PV.jpg",640,640,false],"trp-custom-language-flag":["https:\/\/myfeqd.com\/wp-content\/uploads\/2025\/05\/Union-elbow-fitting-PV.jpg",12,12,false],"woocommerce_thumbnail":["https:\/\/myfeqd.com\/wp-content\/uploads\/2025\/05\/Union-elbow-fitting-PV-300x457.jpg",300,457,true],"woocommerce_single":["https:\/\/myfeqd.com\/wp-content\/uploads\/2025\/05\/Union-elbow-fitting-PV-600x600.jpg",600,600,true],"woocommerce_gallery_thumbnail":["https:\/\/myfeqd.com\/wp-content\/uploads\/2025\/05\/Union-elbow-fitting-PV-100x100.jpg",100,100,true]},"uagb_author_info":{"display_name":"Calven Qi","author_link":"https:\/\/myfeqd.com\/es\/author\/"},"uagb_comment_info":0,"uagb_excerpt":"Easy and quick connection and removal Strong sealing performance Not easy to fall off the trachea, the cap Wide range of applications","_links":{"self":[{"href":"https:\/\/myfeqd.com\/es\/wp-json\/wp\/v2\/product\/5751","targetHints":{"allow":["GET"]}}],"collection":[{"href":"https:\/\/myfeqd.com\/es\/wp-json\/wp\/v2\/product"}],"about":[{"href":"https:\/\/myfeqd.com\/es\/wp-json\/wp\/v2\/types\/product"}],"replies":[{"embeddable":true,"href":"https:\/\/myfeqd.com\/es\/wp-json\/wp\/v2\/comments?post=5751"}],"wp:featuredmedia":[{"embeddable":true,"href":"https:\/\/myfeqd.com\/es\/wp-json\/wp\/v2\/media\/5752"}],"wp:attachment":[{"href":"https:\/\/myfeqd.com\/es\/wp-json\/wp\/v2\/media?parent=5751"}],"wp:term":[{"taxonomy":"product_brand","embeddable":true,"href":"https:\/\/myfeqd.com\/es\/wp-json\/wp\/v2\/product_brand?post=5751"},{"taxonomy":"product_cat","embeddable":true,"href":"https:\/\/myfeqd.com\/es\/wp-json\/wp\/v2\/product_cat?post=5751"},{"taxonomy":"product_tag","embeddable":true,"href":"https:\/\/myfeqd.com\/es\/wp-json\/wp\/v2\/product_tag?post=5751"}],"curies":[{"name":"wp","href":"https:\/\/api.w.org\/{rel}","templated":true}]}}