{"id":5916,"date":"2025-05-16T01:43:20","date_gmt":"2025-05-16T01:43:20","guid":{"rendered":"https:\/\/myfeqd.com\/?post_type=product&#038;p=5916"},"modified":"2025-05-16T01:43:20","modified_gmt":"2025-05-16T01:43:20","slug":"stainless-steel-pneumatic-throttle-sl","status":"publish","type":"product","link":"https:\/\/myfeqd.com\/es\/producto\/stainless-steel-pneumatic-throttle-sl\/","title":{"rendered":"Acelerador neum\u00e1tico de acero inoxidable SL"},"content":{"rendered":"<p>El acelerador neum\u00e1tico de acero inoxidable SL se utiliza para conectar cilindros, electrov\u00e1lvulas y otros componentes del sistema neum\u00e1tico para mantener todo el sistema neum\u00e1tico funcionando de forma estable.<br \/>\nUn extremo est\u00e1 roscado y el otro se inserta en la conexi\u00f3n directa del tubo de aire, que tiene la funci\u00f3n de regular la presi\u00f3n del aire.<br \/>\nLo llamamos conector de enchufe r\u00e1pido de v\u00e1lvula de mariposa roscada de acero inoxidable.<br \/>\nA continuaci\u00f3n MYFEQD le presentar\u00e1 las caracter\u00edsticas, funciones, instalaci\u00f3n y otros contenidos relacionados del Acelerador neum\u00e1tico de acero inoxidable SL.<\/p>","protected":false},"excerpt":{"rendered":"<ul>\n<li>Resistente a la corrosi\u00f3n, puede utilizarse en entornos dif\u00edciles<\/li>\n<li>Resistente a altas temperaturas, puede alcanzar los 200\u00b0.<\/li>\n<li>F\u00e1cil de instalar y desmontar<\/li>\n<\/ul>","protected":false},"featured_media":5917,"comment_status":"open","ping_status":"closed","template":"","meta":{"_uag_custom_page_level_css":""},"product_brand":[],"product_cat":[91],"product_tag":[],"class_list":{"0":"post-5916","1":"product","2":"type-product","3":"status-publish","4":"has-post-thumbnail","6":"product_cat-pneumatic-throttle","8":"first","9":"instock","10":"shipping-taxable","11":"product-type-simple"},"yoast_head":"<!-- This site is optimized with the Yoast SEO plugin v27.5 - https:\/\/yoast.com\/product\/yoast-seo-wordpress\/ -->\n<title>Stainless Steel Pneumatic Throttle SL - MYFEQD Pneumatic<\/title>\n<meta name=\"robots\" content=\"index, follow, max-snippet:-1, max-image-preview:large, max-video-preview:-1\" \/>\n<link rel=\"canonical\" href=\"https:\/\/myfeqd.com\/es\/producto\/stainless-steel-pneumatic-throttle-sl\/\" \/>\n<meta property=\"og:locale\" content=\"es_ES\" \/>\n<meta property=\"og:type\" content=\"article\" \/>\n<meta property=\"og:title\" content=\"Stainless Steel Pneumatic Throttle SL - MYFEQD Pneumatic\" \/>\n<meta property=\"og:description\" content=\"Corrosion-resistant, can be used in harsh environments  High temperature resistant, temperature can reach 200\u00b0  Easy to install and disassemble\" \/>\n<meta property=\"og:url\" content=\"https:\/\/myfeqd.com\/es\/producto\/stainless-steel-pneumatic-throttle-sl\/\" \/>\n<meta property=\"og:site_name\" content=\"MYFEQD Pneumatic\" \/>\n<meta property=\"article:publisher\" content=\"https:\/\/www.facebook.com\/people\/Yuan-Qi\/\" \/>\n<meta property=\"og:image\" content=\"https:\/\/myfeqd.com\/wp-content\/uploads\/2025\/05\/Stainless-Steel-Pneumatic-Throttle-SL-.jpg\" \/>\n\t<meta property=\"og:image:width\" content=\"640\" \/>\n\t<meta property=\"og:image:height\" content=\"640\" \/>\n\t<meta property=\"og:image:type\" content=\"image\/jpeg\" \/>\n<meta name=\"twitter:card\" content=\"summary_large_image\" \/>\n<meta name=\"twitter:label1\" content=\"Tiempo de lectura\" \/>\n\t<meta name=\"twitter:data1\" content=\"1 minuto\" \/>\n<script type=\"application\/ld+json\" class=\"yoast-schema-graph\">{\"@context\":\"https:\\\/\\\/schema.org\",\"@graph\":[{\"@type\":\"WebPage\",\"@id\":\"https:\\\/\\\/myfeqd.com\\\/product\\\/stainless-steel-pneumatic-throttle-sl\\\/\",\"url\":\"https:\\\/\\\/myfeqd.com\\\/product\\\/stainless-steel-pneumatic-throttle-sl\\\/\",\"name\":\"Stainless Steel Pneumatic Throttle SL - MYFEQD Pneumatic\",\"isPartOf\":{\"@id\":\"https:\\\/\\\/myfeqd.com\\\/#website\"},\"primaryImageOfPage\":{\"@id\":\"https:\\\/\\\/myfeqd.com\\\/product\\\/stainless-steel-pneumatic-throttle-sl\\\/#primaryimage\"},\"image\":{\"@id\":\"https:\\\/\\\/myfeqd.com\\\/product\\\/stainless-steel-pneumatic-throttle-sl\\\/#primaryimage\"},\"thumbnailUrl\":\"https:\\\/\\\/myfeqd.com\\\/wp-content\\\/uploads\\\/2025\\\/05\\\/Stainless-Steel-Pneumatic-Throttle-SL-.jpg\",\"datePublished\":\"2025-05-16T01:43:20+00:00\",\"breadcrumb\":{\"@id\":\"https:\\\/\\\/myfeqd.com\\\/product\\\/stainless-steel-pneumatic-throttle-sl\\\/#breadcrumb\"},\"inLanguage\":\"es\",\"potentialAction\":[{\"@type\":\"ReadAction\",\"target\":[\"https:\\\/\\\/myfeqd.com\\\/product\\\/stainless-steel-pneumatic-throttle-sl\\\/\"]}]},{\"@type\":\"ImageObject\",\"inLanguage\":\"es\",\"@id\":\"https:\\\/\\\/myfeqd.com\\\/product\\\/stainless-steel-pneumatic-throttle-sl\\\/#primaryimage\",\"url\":\"https:\\\/\\\/myfeqd.com\\\/wp-content\\\/uploads\\\/2025\\\/05\\\/Stainless-Steel-Pneumatic-Throttle-SL-.jpg\",\"contentUrl\":\"https:\\\/\\\/myfeqd.com\\\/wp-content\\\/uploads\\\/2025\\\/05\\\/Stainless-Steel-Pneumatic-Throttle-SL-.jpg\",\"width\":640,\"height\":640,\"caption\":\"Stainless Steel Pneumatic Throttle SL\"},{\"@type\":\"BreadcrumbList\",\"@id\":\"https:\\\/\\\/myfeqd.com\\\/product\\\/stainless-steel-pneumatic-throttle-sl\\\/#breadcrumb\",\"itemListElement\":[{\"@type\":\"ListItem\",\"position\":1,\"name\":\"\u9996\u9875\",\"item\":\"https:\\\/\\\/myfeqd.com\\\/\"},{\"@type\":\"ListItem\",\"position\":2,\"name\":\"Products\",\"item\":\"https:\\\/\\\/myfeqd.com\\\/products\\\/\"},{\"@type\":\"ListItem\",\"position\":3,\"name\":\"Stainless Steel Pneumatic Throttle SL\"}]},{\"@type\":\"WebSite\",\"@id\":\"https:\\\/\\\/myfeqd.com\\\/#website\",\"url\":\"https:\\\/\\\/myfeqd.com\\\/\",\"name\":\"MYFEQD Pneumatic\",\"description\":\"We are pneumatic manufacturer in China\",\"publisher\":{\"@id\":\"https:\\\/\\\/myfeqd.com\\\/#organization\"},\"alternateName\":\"MYFEQD Pneumatic\",\"potentialAction\":[{\"@type\":\"SearchAction\",\"target\":{\"@type\":\"EntryPoint\",\"urlTemplate\":\"https:\\\/\\\/myfeqd.com\\\/?s={search_term_string}\"},\"query-input\":{\"@type\":\"PropertyValueSpecification\",\"valueRequired\":true,\"valueName\":\"search_term_string\"}}],\"inLanguage\":\"es\"},{\"@type\":\"Organization\",\"@id\":\"https:\\\/\\\/myfeqd.com\\\/#organization\",\"name\":\"Pneumatic Manufacturer In China - MYFEQD Pneumatic\",\"url\":\"https:\\\/\\\/myfeqd.com\\\/\",\"logo\":{\"@type\":\"ImageObject\",\"inLanguage\":\"es\",\"@id\":\"https:\\\/\\\/myfeqd.com\\\/#\\\/schema\\\/logo\\\/image\\\/\",\"url\":\"https:\\\/\\\/myfeqd.com\\\/wp-content\\\/uploads\\\/2025\\\/03\\\/MYFEQD-Logo-NEW2.png\",\"contentUrl\":\"https:\\\/\\\/myfeqd.com\\\/wp-content\\\/uploads\\\/2025\\\/03\\\/MYFEQD-Logo-NEW2.png\",\"width\":350,\"height\":100,\"caption\":\"Pneumatic Manufacturer In China - MYFEQD Pneumatic\"},\"image\":{\"@id\":\"https:\\\/\\\/myfeqd.com\\\/#\\\/schema\\\/logo\\\/image\\\/\"},\"sameAs\":[\"https:\\\/\\\/www.facebook.com\\\/people\\\/Yuan-Qi\\\/\"]}]}<\/script>\n<!-- \/ Yoast SEO plugin. -->","yoast_head_json":{"title":"Stainless Steel Pneumatic Throttle SL - MYFEQD Pneumatic","robots":{"index":"index","follow":"follow","max-snippet":"max-snippet:-1","max-image-preview":"max-image-preview:large","max-video-preview":"max-video-preview:-1"},"canonical":"https:\/\/myfeqd.com\/es\/producto\/stainless-steel-pneumatic-throttle-sl\/","og_locale":"es_ES","og_type":"article","og_title":"Stainless Steel Pneumatic Throttle SL - MYFEQD Pneumatic","og_description":"Corrosion-resistant, can be used in harsh environments  High temperature resistant, temperature can reach 200\u00b0  Easy to install and disassemble","og_url":"https:\/\/myfeqd.com\/es\/producto\/stainless-steel-pneumatic-throttle-sl\/","og_site_name":"MYFEQD Pneumatic","article_publisher":"https:\/\/www.facebook.com\/people\/Yuan-Qi\/","og_image":[{"width":640,"height":640,"url":"https:\/\/myfeqd.com\/wp-content\/uploads\/2025\/05\/Stainless-Steel-Pneumatic-Throttle-SL-.jpg","type":"image\/jpeg"}],"twitter_card":"summary_large_image","twitter_misc":{"Tiempo de lectura":"1 minuto"},"schema":{"@context":"https:\/\/schema.org","@graph":[{"@type":"WebPage","@id":"https:\/\/myfeqd.com\/product\/stainless-steel-pneumatic-throttle-sl\/","url":"https:\/\/myfeqd.com\/product\/stainless-steel-pneumatic-throttle-sl\/","name":"Stainless Steel Pneumatic Throttle SL - MYFEQD Pneumatic","isPartOf":{"@id":"https:\/\/myfeqd.com\/#website"},"primaryImageOfPage":{"@id":"https:\/\/myfeqd.com\/product\/stainless-steel-pneumatic-throttle-sl\/#primaryimage"},"image":{"@id":"https:\/\/myfeqd.com\/product\/stainless-steel-pneumatic-throttle-sl\/#primaryimage"},"thumbnailUrl":"https:\/\/myfeqd.com\/wp-content\/uploads\/2025\/05\/Stainless-Steel-Pneumatic-Throttle-SL-.jpg","datePublished":"2025-05-16T01:43:20+00:00","breadcrumb":{"@id":"https:\/\/myfeqd.com\/product\/stainless-steel-pneumatic-throttle-sl\/#breadcrumb"},"inLanguage":"es","potentialAction":[{"@type":"ReadAction","target":["https:\/\/myfeqd.com\/product\/stainless-steel-pneumatic-throttle-sl\/"]}]},{"@type":"ImageObject","inLanguage":"es","@id":"https:\/\/myfeqd.com\/product\/stainless-steel-pneumatic-throttle-sl\/#primaryimage","url":"https:\/\/myfeqd.com\/wp-content\/uploads\/2025\/05\/Stainless-Steel-Pneumatic-Throttle-SL-.jpg","contentUrl":"https:\/\/myfeqd.com\/wp-content\/uploads\/2025\/05\/Stainless-Steel-Pneumatic-Throttle-SL-.jpg","width":640,"height":640,"caption":"Stainless Steel Pneumatic Throttle SL"},{"@type":"BreadcrumbList","@id":"https:\/\/myfeqd.com\/product\/stainless-steel-pneumatic-throttle-sl\/#breadcrumb","itemListElement":[{"@type":"ListItem","position":1,"name":"\u9996\u9875","item":"https:\/\/myfeqd.com\/"},{"@type":"ListItem","position":2,"name":"Products","item":"https:\/\/myfeqd.com\/products\/"},{"@type":"ListItem","position":3,"name":"Stainless Steel Pneumatic Throttle SL"}]},{"@type":"WebSite","@id":"https:\/\/myfeqd.com\/#website","url":"https:\/\/myfeqd.com\/","name":"MYFEQD Pneumatic","description":"We are pneumatic manufacturer in China","publisher":{"@id":"https:\/\/myfeqd.com\/#organization"},"alternateName":"MYFEQD Pneumatic","potentialAction":[{"@type":"SearchAction","target":{"@type":"EntryPoint","urlTemplate":"https:\/\/myfeqd.com\/?s={search_term_string}"},"query-input":{"@type":"PropertyValueSpecification","valueRequired":true,"valueName":"search_term_string"}}],"inLanguage":"es"},{"@type":"Organization","@id":"https:\/\/myfeqd.com\/#organization","name":"Pneumatic Manufacturer In China - MYFEQD Pneumatic","url":"https:\/\/myfeqd.com\/","logo":{"@type":"ImageObject","inLanguage":"es","@id":"https:\/\/myfeqd.com\/#\/schema\/logo\/image\/","url":"https:\/\/myfeqd.com\/wp-content\/uploads\/2025\/03\/MYFEQD-Logo-NEW2.png","contentUrl":"https:\/\/myfeqd.com\/wp-content\/uploads\/2025\/03\/MYFEQD-Logo-NEW2.png","width":350,"height":100,"caption":"Pneumatic Manufacturer In China - MYFEQD Pneumatic"},"image":{"@id":"https:\/\/myfeqd.com\/#\/schema\/logo\/image\/"},"sameAs":["https:\/\/www.facebook.com\/people\/Yuan-Qi\/"]}]}},"uagb_featured_image_src":{"full":["https:\/\/myfeqd.com\/wp-content\/uploads\/2025\/05\/Stainless-Steel-Pneumatic-Throttle-SL-.jpg",640,640,false],"thumbnail":["https:\/\/myfeqd.com\/wp-content\/uploads\/2025\/05\/Stainless-Steel-Pneumatic-Throttle-SL--150x150.jpg",150,150,true],"medium":["https:\/\/myfeqd.com\/wp-content\/uploads\/2025\/05\/Stainless-Steel-Pneumatic-Throttle-SL--300x300.jpg",300,300,true],"medium_large":["https:\/\/myfeqd.com\/wp-content\/uploads\/2025\/05\/Stainless-Steel-Pneumatic-Throttle-SL-.jpg",640,640,false],"large":["https:\/\/myfeqd.com\/wp-content\/uploads\/2025\/05\/Stainless-Steel-Pneumatic-Throttle-SL-.jpg",640,640,false],"1536x1536":["https:\/\/myfeqd.com\/wp-content\/uploads\/2025\/05\/Stainless-Steel-Pneumatic-Throttle-SL-.jpg",640,640,false],"2048x2048":["https:\/\/myfeqd.com\/wp-content\/uploads\/2025\/05\/Stainless-Steel-Pneumatic-Throttle-SL-.jpg",640,640,false],"trp-custom-language-flag":["https:\/\/myfeqd.com\/wp-content\/uploads\/2025\/05\/Stainless-Steel-Pneumatic-Throttle-SL-.jpg",12,12,false],"woocommerce_thumbnail":["https:\/\/myfeqd.com\/wp-content\/uploads\/2025\/05\/Stainless-Steel-Pneumatic-Throttle-SL--300x457.jpg",300,457,true],"woocommerce_single":["https:\/\/myfeqd.com\/wp-content\/uploads\/2025\/05\/Stainless-Steel-Pneumatic-Throttle-SL--600x600.jpg",600,600,true],"woocommerce_gallery_thumbnail":["https:\/\/myfeqd.com\/wp-content\/uploads\/2025\/05\/Stainless-Steel-Pneumatic-Throttle-SL--100x100.jpg",100,100,true]},"uagb_author_info":{"display_name":"Calven Qi","author_link":"https:\/\/myfeqd.com\/es\/author\/"},"uagb_comment_info":0,"uagb_excerpt":"Corrosion-resistant, can be used in harsh environments High temperature resistant, temperature can reach 200\u00b0 Easy to install and disassemble","_links":{"self":[{"href":"https:\/\/myfeqd.com\/es\/wp-json\/wp\/v2\/product\/5916","targetHints":{"allow":["GET"]}}],"collection":[{"href":"https:\/\/myfeqd.com\/es\/wp-json\/wp\/v2\/product"}],"about":[{"href":"https:\/\/myfeqd.com\/es\/wp-json\/wp\/v2\/types\/product"}],"replies":[{"embeddable":true,"href":"https:\/\/myfeqd.com\/es\/wp-json\/wp\/v2\/comments?post=5916"}],"wp:featuredmedia":[{"embeddable":true,"href":"https:\/\/myfeqd.com\/es\/wp-json\/wp\/v2\/media\/5917"}],"wp:attachment":[{"href":"https:\/\/myfeqd.com\/es\/wp-json\/wp\/v2\/media?parent=5916"}],"wp:term":[{"taxonomy":"product_brand","embeddable":true,"href":"https:\/\/myfeqd.com\/es\/wp-json\/wp\/v2\/product_brand?post=5916"},{"taxonomy":"product_cat","embeddable":true,"href":"https:\/\/myfeqd.com\/es\/wp-json\/wp\/v2\/product_cat?post=5916"},{"taxonomy":"product_tag","embeddable":true,"href":"https:\/\/myfeqd.com\/es\/wp-json\/wp\/v2\/product_tag?post=5916"}],"curies":[{"name":"wp","href":"https:\/\/api.w.org\/{rel}","templated":true}]}}