{"id":6335,"date":"2025-05-24T01:29:34","date_gmt":"2025-05-24T01:29:34","guid":{"rendered":"https:\/\/myfeqd.com\/?post_type=product&#038;p=6335"},"modified":"2025-05-30T05:03:13","modified_gmt":"2025-05-30T05:03:13","slug":"osfopf-american-female-quick-coupler","status":"publish","type":"product","link":"https:\/\/myfeqd.com\/es\/producto\/osfopf-american-female-quick-coupler\/","title":{"rendered":"OSF+OPF Enchufe r\u00e1pido hembra americano"},"content":{"rendered":"<p><strong><span style=\"font-size: 18pt;\">Enchufe r\u00e1pido hembra americano OSF+OPF Introducci\u00f3n:<\/span><\/strong><\/p>\n<ul>\n<li>El acoplador r\u00e1pido hembra americano OSF+OPF de MYFEQD Introducci\u00f3n es un mini conector r\u00e1pido neum\u00e1tico con roscas internas en ambos extremos, adecuado para herramientas neum\u00e1ticas y componentes neum\u00e1ticos con interfaces de rosca externa. Adopta una estructura de bloqueo mec\u00e1nico, que se puede conectar y desmontar al instante, lo que reduce en gran medida la intensidad de trabajo de la instalaci\u00f3n manual.<\/li>\n<li>Su material estructural general es todo de cobre y niquelado, que es m\u00e1s hermoso, resistente a la corrosi\u00f3n, resistente al desgaste, y no es f\u00e1cil de oxidar. Tiene las caracter\u00edsticas inherentes de material de cobre y fuerte conductividad t\u00e9rmica, lo que reduce el calor tra\u00eddo por el flujo de presi\u00f3n de aire y hace que el flujo de presi\u00f3n neum\u00e1tica m\u00e1s estable.<\/li>\n<li>Roscas de precisi\u00f3n CNC, sus roscas de adaptaci\u00f3n est\u00e1ndar son las roscas PT (R, ZG), que son PT1\/8=01.PT1\/4=02.PT3\/8=03. Tambi\u00e9n puede adaptarse a roscas M y roscas G. MYFEQD tambi\u00e9n puede realizar roscas personalizadas seg\u00fan las necesidades.<\/li>\n<\/ul>\n<p><strong><span style=\"font-size: 18pt;\">C\u00f3digo de pedido:<\/span><\/strong><\/p>\n<p><img fetchpriority=\"high\" decoding=\"async\" class=\"aligncenter wp-image-6466 size-full\" src=\"https:\/\/myfeqd.com\/wp-content\/uploads\/2025\/05\/Quick-Coupler-Order-code-A-Type-.jpg\" alt=\"Quick Coupler Order code A Type\" width=\"950\" height=\"500\" srcset=\"https:\/\/myfeqd.com\/wp-content\/uploads\/2025\/05\/Quick-Coupler-Order-code-A-Type-.jpg 950w, https:\/\/myfeqd.com\/wp-content\/uploads\/2025\/05\/Quick-Coupler-Order-code-A-Type--300x158.jpg 300w, https:\/\/myfeqd.com\/wp-content\/uploads\/2025\/05\/Quick-Coupler-Order-code-A-Type--768x404.jpg 768w, https:\/\/myfeqd.com\/wp-content\/uploads\/2025\/05\/Quick-Coupler-Order-code-A-Type--600x316.jpg 600w\" sizes=\"(max-width: 950px) 100vw, 950px\" \/><strong style=\"font-size: 18pt;\">Par\u00e1metros t\u00e9cnicos:<\/strong><\/p>\n<p>&nbsp;<\/p>\n<table style=\"border-collapse: collapse; width: 100%;\">\n<tbody>\n<tr>\n<td style=\"width: 50%;\">Fluido:<\/td>\n<td style=\"width: 50%;\">Aire,Si utiliza l\u00edquido, p\u00f3ngase en contacto con la f\u00e1brica<\/td>\n<\/tr>\n<tr>\n<td style=\"width: 50%;\">Presi\u00f3n m\u00e1xima de prueba:<\/td>\n<td style=\"width: 50%;\">1,32Mpa (13,5kgf\/cm\u00b2\uff09<\/td>\n<\/tr>\n<tr>\n<td style=\"width: 50%;\">Rango de presi\u00f3n de trabajo:<\/td>\n<td style=\"width: 50%;\">0~0,9Mpa (0~10,2kgf\/cm\u00b2\uff09<\/td>\n<\/tr>\n<tr>\n<td style=\"width: 50%;\">Temperatura ambiente:<\/td>\n<td style=\"width: 50%;\">0~60\u2103<\/td>\n<\/tr>\n<tr>\n<td style=\"width: 50%;\">Tuber\u00eda aplicable:<\/td>\n<td style=\"width: 50%;\">Tubo PU\/PA\/PE\/PEE<\/td>\n<\/tr>\n<\/tbody>\n<\/table>\n<p>&nbsp;<\/p>\n<p><span style=\"font-size: 18pt;\"><strong>Cat\u00e1logo de selecci\u00f3n\uff1a<\/strong><\/span><\/p>\n<table style=\"border-collapse: collapse; width: 100%; height: 168px;\">\n<tbody>\n<tr style=\"height: 24px;\">\n<td style=\"width: 14.2857%; height: 24px; text-align: center;\"><strong><span style=\"font-size: 14pt;\"><span style=\"color: #000000;\">Imagen<\/span><\/span><\/strong><\/td>\n<td style=\"width: 14.2857%; height: 24px; text-align: center;\"><strong><span style=\"font-size: 14pt;\"><span style=\"color: #000000;\">Modelo<\/span><\/span><\/strong><\/td>\n<td style=\"width: 10.9696%; height: 24px; text-align: center;\"><strong><span style=\"font-size: 14pt;\">K<\/span><\/strong><\/td>\n<td style=\"width: 13.6224%; height: 24px; text-align: center;\"><strong><span style=\"font-size: 14pt;\">D<\/span><\/strong><\/td>\n<td style=\"width: 13.3277%; height: 24px; text-align: center;\"><strong><span style=\"font-size: 14pt;\">C<\/span><\/strong><\/td>\n<td style=\"width: 13.1804%; height: 24px; text-align: center;\"><strong><span style=\"font-size: 14pt;\">T<\/span><\/strong><\/td>\n<td style=\"width: 9.27993%; height: 24px; text-align: center;\"><strong><span style=\"font-size: 14pt;\">H<\/span><\/strong><\/td>\n<td style=\"width: 11.0485%; text-align: center;\"><strong><span style=\"font-size: 14pt;\">G<\/span><\/strong><\/td>\n<\/tr>\n<tr style=\"height: 24px;\">\n<td style=\"width: 14.2857%; height: 72px;\" rowspan=\"3\"><img decoding=\"async\" class=\"alignnone wp-image-6467 size-full\" src=\"https:\/\/myfeqd.com\/wp-content\/uploads\/2025\/05\/4cee26406885fb8aa4a18e0c5268adc.png\" alt=\"A type quick coupler\" width=\"431\" height=\"548\" srcset=\"https:\/\/myfeqd.com\/wp-content\/uploads\/2025\/05\/4cee26406885fb8aa4a18e0c5268adc.png 431w, https:\/\/myfeqd.com\/wp-content\/uploads\/2025\/05\/4cee26406885fb8aa4a18e0c5268adc-236x300.png 236w\" sizes=\"(max-width: 431px) 100vw, 431px\" \/><\/td>\n<td style=\"width: 14.2857%; height: 24px;\">ASF-01<\/td>\n<td style=\"width: 10.9696%; height: 24px;\">17MM<\/td>\n<td style=\"width: 13.6224%; height: 24px;\">PT1\/8<\/td>\n<td style=\"width: 13.3277%; height: 24px;\">48,5 MM<\/td>\n<td style=\"width: 13.1804%; height: 24px;\">16,5 MM<\/td>\n<td style=\"width: 9.27993%; height: 24px;\">14MM<\/td>\n<td style=\"width: 11.0485%;\">46.3g<\/td>\n<\/tr>\n<tr style=\"height: 24px;\">\n<td style=\"width: 14.2857%; height: 24px;\">ASF-02<\/td>\n<td style=\"width: 10.9696%; height: 24px;\">17MM<\/td>\n<td style=\"width: 13.6224%; height: 24px;\">PT1\/4<\/td>\n<td style=\"width: 13.3277%; height: 24px;\">51MM<\/td>\n<td style=\"width: 13.1804%; height: 24px;\">49MM<\/td>\n<td style=\"width: 9.27993%; height: 24px;\">14MM<\/td>\n<td style=\"width: 11.0485%;\">56.7g<\/td>\n<\/tr>\n<tr style=\"height: 24px;\">\n<td style=\"width: 14.2857%; height: 24px;\">ASF-03<\/td>\n<td style=\"width: 10.9696%; height: 24px;\">17MM<\/td>\n<td style=\"width: 13.6224%; height: 24px;\">PT3\/8<\/td>\n<td style=\"width: 13.3277%; height: 24px;\">52MM<\/td>\n<td style=\"width: 13.1804%; height: 24px;\">20MM<\/td>\n<td style=\"width: 9.27993%; height: 24px;\">19MM<\/td>\n<td style=\"width: 11.0485%;\">66.5g<\/td>\n<\/tr>\n<tr style=\"height: 24px;\">\n<td style=\"width: 14.2857%; height: 72px;\" rowspan=\"3\"><img decoding=\"async\" class=\"alignnone wp-image-6468 size-full\" src=\"https:\/\/myfeqd.com\/wp-content\/uploads\/2025\/05\/8790a9a1c2b4b44fad2e20cec15f6dc.png\" alt=\"APF type quick coupler\" width=\"352\" height=\"515\" srcset=\"https:\/\/myfeqd.com\/wp-content\/uploads\/2025\/05\/8790a9a1c2b4b44fad2e20cec15f6dc.png 352w, https:\/\/myfeqd.com\/wp-content\/uploads\/2025\/05\/8790a9a1c2b4b44fad2e20cec15f6dc-205x300.png 205w\" sizes=\"(max-width: 352px) 100vw, 352px\" \/><\/td>\n<td style=\"width: 14.2857%; height: 24px;\">APF-01<\/td>\n<td style=\"width: 10.9696%; height: 24px;\">8,4 MILLONES<\/td>\n<td style=\"width: 13.6224%; height: 24px;\">PT1\/8<\/td>\n<td style=\"width: 13.3277%; height: 24px;\">33MM<\/td>\n<td style=\"width: 13.1804%; height: 24px;\">16,5 MM<\/td>\n<td style=\"width: 9.27993%; height: 24px;\">14MM<\/td>\n<td style=\"width: 11.0485%;\">15.4g<\/td>\n<\/tr>\n<tr style=\"height: 24px;\">\n<td style=\"width: 14.2857%; height: 24px;\">APF-02<\/td>\n<td style=\"width: 10.9696%; height: 24px;\">8,4 MILLONES<\/td>\n<td style=\"width: 13.6224%; height: 24px;\">PT1\/4<\/td>\n<td style=\"width: 13.3277%; height: 24px;\">36MM<\/td>\n<td style=\"width: 13.1804%; height: 24px;\">49MM<\/td>\n<td style=\"width: 9.27993%; height: 24px;\">17MM<\/td>\n<td style=\"width: 11.0485%;\">19.4g<\/td>\n<\/tr>\n<tr style=\"height: 24px;\">\n<td style=\"width: 14.2857%; height: 24px;\">APF-03<\/td>\n<td style=\"width: 10.9696%; height: 24px;\">8,4 MILLONES<\/td>\n<td style=\"width: 13.6224%; height: 24px;\">PT3\/8<\/td>\n<td style=\"width: 13.3277%; height: 24px;\">37MM<\/td>\n<td style=\"width: 13.1804%; height: 24px;\">20MM<\/td>\n<td style=\"width: 9.27993%; height: 24px;\">19MM<\/td>\n<td style=\"width: 11.0485%;\">23.2g<\/td>\n<\/tr>\n<\/tbody>\n<\/table>\n<p>&nbsp;<\/p>\n<p><span style=\"font-size: 18pt;\"><strong>Productos de la misma serie\uff1a<\/strong><\/span><\/p>\n<table style=\"border-collapse: collapse; width: 100%;\">\n<tbody>\n<tr>\n<td style=\"width: 33.3333%;\"><a href=\"https:\/\/myfeqd.com\/es\/producto\/oshoph-american-air-quick-coupler\/\"><img loading=\"lazy\" decoding=\"async\" class=\"aligncenter wp-image-6347 size-full\" src=\"https:\/\/myfeqd.com\/wp-content\/uploads\/2025\/05\/OSHOPH-American-air-quick-coupler.jpg\" alt=\"OSH+OPH American air quick coupler\" width=\"640\" height=\"640\" srcset=\"https:\/\/myfeqd.com\/wp-content\/uploads\/2025\/05\/OSHOPH-American-air-quick-coupler.jpg 640w, https:\/\/myfeqd.com\/wp-content\/uploads\/2025\/05\/OSHOPH-American-air-quick-coupler-300x300.jpg 300w, https:\/\/myfeqd.com\/wp-content\/uploads\/2025\/05\/OSHOPH-American-air-quick-coupler-150x150.jpg 150w, https:\/\/myfeqd.com\/wp-content\/uploads\/2025\/05\/OSHOPH-American-air-quick-coupler-600x600.jpg 600w, https:\/\/myfeqd.com\/wp-content\/uploads\/2025\/05\/OSHOPH-American-air-quick-coupler-100x100.jpg 100w\" sizes=\"(max-width: 640px) 100vw, 640px\" \/><\/a><\/td>\n<td style=\"width: 33.3333%;\"><a href=\"https:\/\/myfeqd.com\/es\/producto\/osmopm-american-quick-coupler-male\/\"><img loading=\"lazy\" decoding=\"async\" class=\"aligncenter wp-image-6353 size-full\" src=\"https:\/\/myfeqd.com\/wp-content\/uploads\/2025\/05\/OSMOPM-American-quick-coupler-male.jpg\" alt=\"OSM+OPM American quick coupler male\" width=\"640\" height=\"640\" srcset=\"https:\/\/myfeqd.com\/wp-content\/uploads\/2025\/05\/OSMOPM-American-quick-coupler-male.jpg 640w, https:\/\/myfeqd.com\/wp-content\/uploads\/2025\/05\/OSMOPM-American-quick-coupler-male-300x300.jpg 300w, https:\/\/myfeqd.com\/wp-content\/uploads\/2025\/05\/OSMOPM-American-quick-coupler-male-150x150.jpg 150w, https:\/\/myfeqd.com\/wp-content\/uploads\/2025\/05\/OSMOPM-American-quick-coupler-male-600x600.jpg 600w, https:\/\/myfeqd.com\/wp-content\/uploads\/2025\/05\/OSMOPM-American-quick-coupler-male-100x100.jpg 100w\" sizes=\"(max-width: 640px) 100vw, 640px\" \/><\/a><\/td>\n<td style=\"width: 33.3333%;\"><a href=\"https:\/\/myfeqd.com\/es\/producto\/ospopp-american-pneumatic-quick-coupler\/\"><img loading=\"lazy\" decoding=\"async\" class=\"aligncenter wp-image-6367 size-full\" src=\"https:\/\/myfeqd.com\/wp-content\/uploads\/2025\/05\/OSPOPP-American-pneumatic-quick-coupler.jpg\" alt=\"OSP+OPP American pneumatic quick coupler\" width=\"640\" height=\"640\" srcset=\"https:\/\/myfeqd.com\/wp-content\/uploads\/2025\/05\/OSPOPP-American-pneumatic-quick-coupler.jpg 640w, https:\/\/myfeqd.com\/wp-content\/uploads\/2025\/05\/OSPOPP-American-pneumatic-quick-coupler-300x300.jpg 300w, https:\/\/myfeqd.com\/wp-content\/uploads\/2025\/05\/OSPOPP-American-pneumatic-quick-coupler-150x150.jpg 150w, https:\/\/myfeqd.com\/wp-content\/uploads\/2025\/05\/OSPOPP-American-pneumatic-quick-coupler-600x600.jpg 600w, https:\/\/myfeqd.com\/wp-content\/uploads\/2025\/05\/OSPOPP-American-pneumatic-quick-coupler-100x100.jpg 100w\" sizes=\"(max-width: 640px) 100vw, 640px\" \/><\/a><\/td>\n<\/tr>\n<\/tbody>\n<\/table>\n<p>&nbsp;<\/p>\n<p><a href=\"https:\/\/myfeqd.com\/es\/categoria-producto\/pneumatic-fittings\/quick-coupler\/\"><span style=\"font-size: 18pt;\">M\u00e1s informaci\u00f3n sobre productos relacionados<\/span><\/a><\/p>\n<p>&nbsp;<\/p>\n<p><a href=\"https:\/\/myfeqd.com\/es\/contact-us\/\"><strong><span style=\"font-size: 18pt;\">Obtenga un presupuesto r\u00e1pido y gratuito------<\/span><\/strong><\/a><\/p>","protected":false},"excerpt":{"rendered":"<ul>\n<li>Aumente la eficacia: cambie de herramienta neum\u00e1tica en 10 segundos<\/li>\n<li>Alto rendimiento de sellado; tasa de fuga de sellado &lt;0,1%, protecci\u00f3n de anillo de sellado de caucho de cuatro capas<\/li>\n<li>El funcionamiento con una sola mano y cierre autom\u00e1tico reduce la mano de obra del personal<\/li>\n<li>Gran compatibilidad: Hay estilo de rosca interna, estilo de rosca externa, estilo de tuber\u00eda de aire de conexi\u00f3n directa, y cada modelo se puede conectar entre s\u00ed<\/li>\n<\/ul>\n<p><span style=\"font-size: 18pt;\"><strong>SKU:<\/strong><\/span><\/p>\n<table style=\"border-collapse: collapse; width: 100%;\">\n<tbody>\n<tr>\n<td style=\"width: 25%; text-align: center;\">Modelo:<\/td>\n<td style=\"width: 25%; text-align: center;\">Especificaciones del hilo de interfaz\uff1a<\/td>\n<td style=\"width: 25%; text-align: center;\">Modelo:<\/td>\n<td style=\"width: 25%; text-align: center;\">Especificaciones del hilo de interfaz\uff1a<\/td>\n<\/tr>\n<tr>\n<td style=\"width: 25%; text-align: center;\">ASF-01<\/td>\n<td style=\"width: 25%; text-align: center;\">PT1\/8<\/td>\n<td style=\"width: 25%; text-align: center;\">APF-01<\/td>\n<td style=\"width: 25%; text-align: center;\">PT1\/8<\/td>\n<\/tr>\n<tr>\n<td style=\"width: 25%; text-align: center;\">ASF-02<\/td>\n<td style=\"width: 25%; text-align: center;\">PT1\/4<\/td>\n<td style=\"width: 25%; text-align: center;\">APF-02<\/td>\n<td style=\"width: 25%; text-align: center;\">PT1\/4<\/td>\n<\/tr>\n<tr>\n<td style=\"width: 25%; text-align: center;\">ASF-03<\/td>\n<td style=\"width: 25%; text-align: center;\">PT3\/8<\/td>\n<td style=\"width: 25%; text-align: center;\">APF-03<\/td>\n<td style=\"width: 25%; text-align: center;\">PT3\/8<\/td>\n<\/tr>\n<\/tbody>\n<\/table>","protected":false},"featured_media":6336,"comment_status":"open","ping_status":"closed","template":"","meta":{"_uag_custom_page_level_css":""},"product_brand":[],"product_cat":[93],"product_tag":[],"class_list":{"0":"post-6335","1":"product","2":"type-product","3":"status-publish","4":"has-post-thumbnail","6":"product_cat-quick-coupler","8":"first","9":"instock","10":"shipping-taxable","11":"product-type-simple"},"yoast_head":"<!-- This site is optimized with the Yoast SEO plugin v27.5 - https:\/\/yoast.com\/product\/yoast-seo-wordpress\/ -->\n<title>OSF+OPF American female quick coupler<\/title>\n<meta name=\"description\" content=\"Introducing the main functions, features, related products, and selected SKUs of American female quick coupler, click to learn more.\" \/>\n<meta name=\"robots\" content=\"index, follow, max-snippet:-1, max-image-preview:large, max-video-preview:-1\" \/>\n<link rel=\"canonical\" href=\"https:\/\/myfeqd.com\/es\/producto\/osfopf-american-female-quick-coupler\/\" \/>\n<meta property=\"og:locale\" content=\"es_ES\" \/>\n<meta property=\"og:type\" content=\"article\" \/>\n<meta property=\"og:title\" content=\"OSF+OPF American female quick coupler\" \/>\n<meta property=\"og:description\" content=\"Introducing the main functions, features, related products, and selected SKUs of American female quick coupler, click to learn more.\" \/>\n<meta property=\"og:url\" content=\"https:\/\/myfeqd.com\/es\/producto\/osfopf-american-female-quick-coupler\/\" \/>\n<meta property=\"og:site_name\" content=\"MYFEQD Pneumatic\" \/>\n<meta property=\"article:publisher\" content=\"https:\/\/www.facebook.com\/people\/Yuan-Qi\/\" \/>\n<meta property=\"article:modified_time\" content=\"2025-05-30T05:03:13+00:00\" \/>\n<meta property=\"og:image\" content=\"https:\/\/myfeqd.com\/wp-content\/uploads\/2025\/05\/OSFOPF-American-female-quick-coupler.jpg\" \/>\n\t<meta property=\"og:image:width\" content=\"640\" \/>\n\t<meta property=\"og:image:height\" content=\"640\" \/>\n\t<meta property=\"og:image:type\" content=\"image\/jpeg\" \/>\n<meta name=\"twitter:card\" content=\"summary_large_image\" \/>\n<meta name=\"twitter:label1\" content=\"Tiempo de lectura\" \/>\n\t<meta name=\"twitter:data1\" content=\"3 minutos\" \/>\n<script type=\"application\/ld+json\" class=\"yoast-schema-graph\">{\"@context\":\"https:\\\/\\\/schema.org\",\"@graph\":[{\"@type\":\"WebPage\",\"@id\":\"https:\\\/\\\/myfeqd.com\\\/product\\\/osfopf-american-female-quick-coupler\\\/\",\"url\":\"https:\\\/\\\/myfeqd.com\\\/product\\\/osfopf-american-female-quick-coupler\\\/\",\"name\":\"OSF+OPF American female quick coupler\",\"isPartOf\":{\"@id\":\"https:\\\/\\\/myfeqd.com\\\/#website\"},\"primaryImageOfPage\":{\"@id\":\"https:\\\/\\\/myfeqd.com\\\/product\\\/osfopf-american-female-quick-coupler\\\/#primaryimage\"},\"image\":{\"@id\":\"https:\\\/\\\/myfeqd.com\\\/product\\\/osfopf-american-female-quick-coupler\\\/#primaryimage\"},\"thumbnailUrl\":\"https:\\\/\\\/myfeqd.com\\\/wp-content\\\/uploads\\\/2025\\\/05\\\/OSFOPF-American-female-quick-coupler.jpg\",\"datePublished\":\"2025-05-24T01:29:34+00:00\",\"dateModified\":\"2025-05-30T05:03:13+00:00\",\"description\":\"Introducing the main functions, features, related products, and selected SKUs of American female quick coupler, click to learn more.\",\"breadcrumb\":{\"@id\":\"https:\\\/\\\/myfeqd.com\\\/product\\\/osfopf-american-female-quick-coupler\\\/#breadcrumb\"},\"inLanguage\":\"es\",\"potentialAction\":[{\"@type\":\"ReadAction\",\"target\":[\"https:\\\/\\\/myfeqd.com\\\/product\\\/osfopf-american-female-quick-coupler\\\/\"]}]},{\"@type\":\"ImageObject\",\"inLanguage\":\"es\",\"@id\":\"https:\\\/\\\/myfeqd.com\\\/product\\\/osfopf-american-female-quick-coupler\\\/#primaryimage\",\"url\":\"https:\\\/\\\/myfeqd.com\\\/wp-content\\\/uploads\\\/2025\\\/05\\\/OSFOPF-American-female-quick-coupler.jpg\",\"contentUrl\":\"https:\\\/\\\/myfeqd.com\\\/wp-content\\\/uploads\\\/2025\\\/05\\\/OSFOPF-American-female-quick-coupler.jpg\",\"width\":640,\"height\":640,\"caption\":\"OSF+OPF American female quick coupler\"},{\"@type\":\"BreadcrumbList\",\"@id\":\"https:\\\/\\\/myfeqd.com\\\/product\\\/osfopf-american-female-quick-coupler\\\/#breadcrumb\",\"itemListElement\":[{\"@type\":\"ListItem\",\"position\":1,\"name\":\"\u9996\u9875\",\"item\":\"https:\\\/\\\/myfeqd.com\\\/\"},{\"@type\":\"ListItem\",\"position\":2,\"name\":\"Products\",\"item\":\"https:\\\/\\\/myfeqd.com\\\/products\\\/\"},{\"@type\":\"ListItem\",\"position\":3,\"name\":\"OSF+OPF American female quick coupler\"}]},{\"@type\":\"WebSite\",\"@id\":\"https:\\\/\\\/myfeqd.com\\\/#website\",\"url\":\"https:\\\/\\\/myfeqd.com\\\/\",\"name\":\"MYFEQD Pneumatic\",\"description\":\"We are pneumatic manufacturer in China\",\"publisher\":{\"@id\":\"https:\\\/\\\/myfeqd.com\\\/#organization\"},\"alternateName\":\"MYFEQD Pneumatic\",\"potentialAction\":[{\"@type\":\"SearchAction\",\"target\":{\"@type\":\"EntryPoint\",\"urlTemplate\":\"https:\\\/\\\/myfeqd.com\\\/?s={search_term_string}\"},\"query-input\":{\"@type\":\"PropertyValueSpecification\",\"valueRequired\":true,\"valueName\":\"search_term_string\"}}],\"inLanguage\":\"es\"},{\"@type\":\"Organization\",\"@id\":\"https:\\\/\\\/myfeqd.com\\\/#organization\",\"name\":\"Pneumatic Manufacturer In China - MYFEQD Pneumatic\",\"url\":\"https:\\\/\\\/myfeqd.com\\\/\",\"logo\":{\"@type\":\"ImageObject\",\"inLanguage\":\"es\",\"@id\":\"https:\\\/\\\/myfeqd.com\\\/#\\\/schema\\\/logo\\\/image\\\/\",\"url\":\"https:\\\/\\\/myfeqd.com\\\/wp-content\\\/uploads\\\/2025\\\/03\\\/MYFEQD-Logo-NEW2.png\",\"contentUrl\":\"https:\\\/\\\/myfeqd.com\\\/wp-content\\\/uploads\\\/2025\\\/03\\\/MYFEQD-Logo-NEW2.png\",\"width\":350,\"height\":100,\"caption\":\"Pneumatic Manufacturer In China - MYFEQD Pneumatic\"},\"image\":{\"@id\":\"https:\\\/\\\/myfeqd.com\\\/#\\\/schema\\\/logo\\\/image\\\/\"},\"sameAs\":[\"https:\\\/\\\/www.facebook.com\\\/people\\\/Yuan-Qi\\\/\"]}]}<\/script>\n<!-- \/ Yoast SEO plugin. -->","yoast_head_json":{"title":"OSF+OPF American female quick coupler","description":"Introducing the main functions, features, related products, and selected SKUs of American female quick coupler, click to learn more.","robots":{"index":"index","follow":"follow","max-snippet":"max-snippet:-1","max-image-preview":"max-image-preview:large","max-video-preview":"max-video-preview:-1"},"canonical":"https:\/\/myfeqd.com\/es\/producto\/osfopf-american-female-quick-coupler\/","og_locale":"es_ES","og_type":"article","og_title":"OSF+OPF American female quick coupler","og_description":"Introducing the main functions, features, related products, and selected SKUs of American female quick coupler, click to learn more.","og_url":"https:\/\/myfeqd.com\/es\/producto\/osfopf-american-female-quick-coupler\/","og_site_name":"MYFEQD Pneumatic","article_publisher":"https:\/\/www.facebook.com\/people\/Yuan-Qi\/","article_modified_time":"2025-05-30T05:03:13+00:00","og_image":[{"width":640,"height":640,"url":"https:\/\/myfeqd.com\/wp-content\/uploads\/2025\/05\/OSFOPF-American-female-quick-coupler.jpg","type":"image\/jpeg"}],"twitter_card":"summary_large_image","twitter_misc":{"Tiempo de lectura":"3 minutos"},"schema":{"@context":"https:\/\/schema.org","@graph":[{"@type":"WebPage","@id":"https:\/\/myfeqd.com\/product\/osfopf-american-female-quick-coupler\/","url":"https:\/\/myfeqd.com\/product\/osfopf-american-female-quick-coupler\/","name":"OSF+OPF American female quick coupler","isPartOf":{"@id":"https:\/\/myfeqd.com\/#website"},"primaryImageOfPage":{"@id":"https:\/\/myfeqd.com\/product\/osfopf-american-female-quick-coupler\/#primaryimage"},"image":{"@id":"https:\/\/myfeqd.com\/product\/osfopf-american-female-quick-coupler\/#primaryimage"},"thumbnailUrl":"https:\/\/myfeqd.com\/wp-content\/uploads\/2025\/05\/OSFOPF-American-female-quick-coupler.jpg","datePublished":"2025-05-24T01:29:34+00:00","dateModified":"2025-05-30T05:03:13+00:00","description":"Introducing the main functions, features, related products, and selected SKUs of American female quick coupler, click to learn more.","breadcrumb":{"@id":"https:\/\/myfeqd.com\/product\/osfopf-american-female-quick-coupler\/#breadcrumb"},"inLanguage":"es","potentialAction":[{"@type":"ReadAction","target":["https:\/\/myfeqd.com\/product\/osfopf-american-female-quick-coupler\/"]}]},{"@type":"ImageObject","inLanguage":"es","@id":"https:\/\/myfeqd.com\/product\/osfopf-american-female-quick-coupler\/#primaryimage","url":"https:\/\/myfeqd.com\/wp-content\/uploads\/2025\/05\/OSFOPF-American-female-quick-coupler.jpg","contentUrl":"https:\/\/myfeqd.com\/wp-content\/uploads\/2025\/05\/OSFOPF-American-female-quick-coupler.jpg","width":640,"height":640,"caption":"OSF+OPF American female quick coupler"},{"@type":"BreadcrumbList","@id":"https:\/\/myfeqd.com\/product\/osfopf-american-female-quick-coupler\/#breadcrumb","itemListElement":[{"@type":"ListItem","position":1,"name":"\u9996\u9875","item":"https:\/\/myfeqd.com\/"},{"@type":"ListItem","position":2,"name":"Products","item":"https:\/\/myfeqd.com\/products\/"},{"@type":"ListItem","position":3,"name":"OSF+OPF American female quick coupler"}]},{"@type":"WebSite","@id":"https:\/\/myfeqd.com\/#website","url":"https:\/\/myfeqd.com\/","name":"MYFEQD Pneumatic","description":"We are pneumatic manufacturer in China","publisher":{"@id":"https:\/\/myfeqd.com\/#organization"},"alternateName":"MYFEQD Pneumatic","potentialAction":[{"@type":"SearchAction","target":{"@type":"EntryPoint","urlTemplate":"https:\/\/myfeqd.com\/?s={search_term_string}"},"query-input":{"@type":"PropertyValueSpecification","valueRequired":true,"valueName":"search_term_string"}}],"inLanguage":"es"},{"@type":"Organization","@id":"https:\/\/myfeqd.com\/#organization","name":"Pneumatic Manufacturer In China - MYFEQD Pneumatic","url":"https:\/\/myfeqd.com\/","logo":{"@type":"ImageObject","inLanguage":"es","@id":"https:\/\/myfeqd.com\/#\/schema\/logo\/image\/","url":"https:\/\/myfeqd.com\/wp-content\/uploads\/2025\/03\/MYFEQD-Logo-NEW2.png","contentUrl":"https:\/\/myfeqd.com\/wp-content\/uploads\/2025\/03\/MYFEQD-Logo-NEW2.png","width":350,"height":100,"caption":"Pneumatic Manufacturer In China - MYFEQD Pneumatic"},"image":{"@id":"https:\/\/myfeqd.com\/#\/schema\/logo\/image\/"},"sameAs":["https:\/\/www.facebook.com\/people\/Yuan-Qi\/"]}]}},"uagb_featured_image_src":{"full":["https:\/\/myfeqd.com\/wp-content\/uploads\/2025\/05\/OSFOPF-American-female-quick-coupler.jpg",640,640,false],"thumbnail":["https:\/\/myfeqd.com\/wp-content\/uploads\/2025\/05\/OSFOPF-American-female-quick-coupler-150x150.jpg",150,150,true],"medium":["https:\/\/myfeqd.com\/wp-content\/uploads\/2025\/05\/OSFOPF-American-female-quick-coupler-300x300.jpg",300,300,true],"medium_large":["https:\/\/myfeqd.com\/wp-content\/uploads\/2025\/05\/OSFOPF-American-female-quick-coupler.jpg",640,640,false],"large":["https:\/\/myfeqd.com\/wp-content\/uploads\/2025\/05\/OSFOPF-American-female-quick-coupler.jpg",640,640,false],"1536x1536":["https:\/\/myfeqd.com\/wp-content\/uploads\/2025\/05\/OSFOPF-American-female-quick-coupler.jpg",640,640,false],"2048x2048":["https:\/\/myfeqd.com\/wp-content\/uploads\/2025\/05\/OSFOPF-American-female-quick-coupler.jpg",640,640,false],"trp-custom-language-flag":["https:\/\/myfeqd.com\/wp-content\/uploads\/2025\/05\/OSFOPF-American-female-quick-coupler.jpg",12,12,false],"woocommerce_thumbnail":["https:\/\/myfeqd.com\/wp-content\/uploads\/2025\/05\/OSFOPF-American-female-quick-coupler-300x457.jpg",300,457,true],"woocommerce_single":["https:\/\/myfeqd.com\/wp-content\/uploads\/2025\/05\/OSFOPF-American-female-quick-coupler-600x600.jpg",600,600,true],"woocommerce_gallery_thumbnail":["https:\/\/myfeqd.com\/wp-content\/uploads\/2025\/05\/OSFOPF-American-female-quick-coupler-100x100.jpg",100,100,true]},"uagb_author_info":{"display_name":"Calven Qi","author_link":"https:\/\/myfeqd.com\/es\/author\/"},"uagb_comment_info":0,"uagb_excerpt":"Improve efficiency: switch between pneumatic tools in 10 seconds Strong sealing performance; sealing leakage rate &lt;0.1%, four-layer rubber sealing ring protection Self-locking one-hand operation reduces the labor intensity of staff Strong compatibility: There are internal thread style, external thread style, direct connection air pipe style, and each model can be connected to each other SKU:&hellip;","_links":{"self":[{"href":"https:\/\/myfeqd.com\/es\/wp-json\/wp\/v2\/product\/6335","targetHints":{"allow":["GET"]}}],"collection":[{"href":"https:\/\/myfeqd.com\/es\/wp-json\/wp\/v2\/product"}],"about":[{"href":"https:\/\/myfeqd.com\/es\/wp-json\/wp\/v2\/types\/product"}],"replies":[{"embeddable":true,"href":"https:\/\/myfeqd.com\/es\/wp-json\/wp\/v2\/comments?post=6335"}],"wp:featuredmedia":[{"embeddable":true,"href":"https:\/\/myfeqd.com\/es\/wp-json\/wp\/v2\/media\/6336"}],"wp:attachment":[{"href":"https:\/\/myfeqd.com\/es\/wp-json\/wp\/v2\/media?parent=6335"}],"wp:term":[{"taxonomy":"product_brand","embeddable":true,"href":"https:\/\/myfeqd.com\/es\/wp-json\/wp\/v2\/product_brand?post=6335"},{"taxonomy":"product_cat","embeddable":true,"href":"https:\/\/myfeqd.com\/es\/wp-json\/wp\/v2\/product_cat?post=6335"},{"taxonomy":"product_tag","embeddable":true,"href":"https:\/\/myfeqd.com\/es\/wp-json\/wp\/v2\/product_tag?post=6335"}],"curies":[{"name":"wp","href":"https:\/\/api.w.org\/{rel}","templated":true}]}}