{"id":6344,"date":"2025-05-24T01:33:59","date_gmt":"2025-05-24T01:33:59","guid":{"rendered":"https:\/\/myfeqd.com\/?post_type=product&#038;p=6344"},"modified":"2025-06-03T11:20:16","modified_gmt":"2025-06-03T11:20:16","slug":"oshoph-air-quick-coupler","status":"publish","type":"product","link":"https:\/\/myfeqd.com\/es\/producto\/oshoph-air-quick-coupler\/","title":{"rendered":"Enchufe r\u00e1pido de aire OSH+OPH"},"content":{"rendered":"<p><span style=\"font-size: 18pt;\"><strong>OSH+OPH air quick coupler Introduction:<\/strong><\/span><\/p>\n<ul>\n<li>MYFEQD\u2019s OSH+OPH air quick coupler is a pneumatic hose with serrated ends that is directly connected, commonly known as a pagoda-style pneumatic quick coupler. It uses a mechanical locking structure that allows for quick connection and disassembly, greatly reducing the labor intensity of manual installation. It is suitable for quick on and off in the air circuit.<\/li>\n<li>Su estructura general est\u00e1 hecha de acero al carbono (acero 08al), decapado, luego chapado con cobre \u00e1cido, luego chapado con n\u00edquel perlado, y luego sellado con aceite, una serie de tratamientos de proceso, m\u00e1s hermoso, resistente a la corrosi\u00f3n, resistente al desgaste, de alta resistencia, no es f\u00e1cil de oxidar. La operaci\u00f3n con una sola mano se conoce com\u00fanmente como conector r\u00e1pido neum\u00e1tico autoblocante. La bola de acero de bloqueo incrustada no es f\u00e1cil de corroer y atascar, lo que hace que el enchufe y desenchufe sea duradero y suave.<\/li>\n<li>Las mangueras neum\u00e1ticas de ambos extremos se conectan con estr\u00edas que coinciden con el di\u00e1metro interior y luego se bloquean con una banda enrollada, lo que hace que la tuber\u00eda sea m\u00e1s resistente a la presi\u00f3n y antidesmontable.<\/li>\n<\/ul>\n<p><span style=\"font-size: 18pt;\"><strong>C\u00f3digo de pedido:<\/strong><\/span><\/p>\n<p><img fetchpriority=\"high\" decoding=\"async\" class=\"wp-image-6484 size-full aligncenter\" src=\"https:\/\/myfeqd.com\/wp-content\/uploads\/2025\/05\/Quick-Coupler-Order-code-OSHOPH.jpg\" alt=\"Quick Coupler Order code OSH+OPH\" width=\"950\" height=\"500\" srcset=\"https:\/\/myfeqd.com\/wp-content\/uploads\/2025\/05\/Quick-Coupler-Order-code-OSHOPH.jpg 950w, https:\/\/myfeqd.com\/wp-content\/uploads\/2025\/05\/Quick-Coupler-Order-code-OSHOPH-300x158.jpg 300w, https:\/\/myfeqd.com\/wp-content\/uploads\/2025\/05\/Quick-Coupler-Order-code-OSHOPH-768x404.jpg 768w, https:\/\/myfeqd.com\/wp-content\/uploads\/2025\/05\/Quick-Coupler-Order-code-OSHOPH-600x316.jpg 600w\" sizes=\"(max-width: 950px) 100vw, 950px\" \/><\/p>\n<p><strong><span style=\"font-size: 18pt;\">Par\u00e1metros t\u00e9cnicos:<\/span><\/strong><\/p>\n<table style=\"border-collapse: collapse; width: 100%; height: 120px;\">\n<tbody>\n<tr style=\"height: 24px;\">\n<td style=\"width: 50%; height: 24px;\">Fluido:<\/td>\n<td style=\"width: 50%; height: 24px;\">Aire,Si utiliza l\u00edquido, p\u00f3ngase en contacto con la f\u00e1brica<\/td>\n<\/tr>\n<tr style=\"height: 24px;\">\n<td style=\"width: 50%; height: 24px;\">Presi\u00f3n m\u00e1xima de prueba:<\/td>\n<td style=\"width: 50%; height: 24px;\">1,32Mpa (13,5kgf\/cm\u00b2\uff09<\/td>\n<\/tr>\n<tr style=\"height: 24px;\">\n<td style=\"width: 50%; height: 24px;\">Rango de presi\u00f3n de trabajo:<\/td>\n<td style=\"width: 50%; height: 24px;\">0~0,9Mpa (0~10,2kgf\/cm\u00b2\uff09<\/td>\n<\/tr>\n<tr style=\"height: 24px;\">\n<td style=\"width: 50%; height: 24px;\">Temperatura ambiente:<\/td>\n<td style=\"width: 50%; height: 24px;\">0~60\u2103<\/td>\n<\/tr>\n<tr style=\"height: 24px;\">\n<td style=\"width: 50%; height: 24px;\">Tuber\u00eda aplicable:<\/td>\n<td style=\"width: 50%; height: 24px;\">Tubo PU\/PA\/PE\/PEE<\/td>\n<\/tr>\n<\/tbody>\n<\/table>\n<p>&nbsp;<\/p>\n<p><span style=\"font-size: 18pt;\"><strong>Productos de la misma serie\uff1a<\/strong><\/span><\/p>\n<table style=\"border-collapse: collapse; width: 100%;\">\n<tbody>\n<tr>\n<td style=\"width: 33.3333%;\"><a href=\"https:\/\/myfeqd.com\/es\/producto\/ospopp-pneumatic-quick-coupler\/\"><img decoding=\"async\" class=\"alignnone wp-image-6371 size-full\" src=\"https:\/\/myfeqd.com\/wp-content\/uploads\/2025\/05\/OSPOPP-pneumatic-quick-coupler.jpg\" alt=\"OSP+OPP pneumatic quick coupler\" width=\"640\" height=\"640\" srcset=\"https:\/\/myfeqd.com\/wp-content\/uploads\/2025\/05\/OSPOPP-pneumatic-quick-coupler.jpg 640w, https:\/\/myfeqd.com\/wp-content\/uploads\/2025\/05\/OSPOPP-pneumatic-quick-coupler-300x300.jpg 300w, https:\/\/myfeqd.com\/wp-content\/uploads\/2025\/05\/OSPOPP-pneumatic-quick-coupler-150x150.jpg 150w, https:\/\/myfeqd.com\/wp-content\/uploads\/2025\/05\/OSPOPP-pneumatic-quick-coupler-600x600.jpg 600w, https:\/\/myfeqd.com\/wp-content\/uploads\/2025\/05\/OSPOPP-pneumatic-quick-coupler-100x100.jpg 100w\" sizes=\"(max-width: 640px) 100vw, 640px\" \/><\/a><\/td>\n<td style=\"width: 33.3333%;\"><a href=\"https:\/\/myfeqd.com\/es\/producto\/osmopm-quick-coupler-male\/\"><img decoding=\"async\" class=\"alignnone wp-image-6357 size-full\" src=\"https:\/\/myfeqd.com\/wp-content\/uploads\/2025\/05\/OSMOPM-quick-coupler-male.jpg\" alt=\"OSM+OPM quick coupler male\" width=\"640\" height=\"640\" srcset=\"https:\/\/myfeqd.com\/wp-content\/uploads\/2025\/05\/OSMOPM-quick-coupler-male.jpg 640w, https:\/\/myfeqd.com\/wp-content\/uploads\/2025\/05\/OSMOPM-quick-coupler-male-300x300.jpg 300w, https:\/\/myfeqd.com\/wp-content\/uploads\/2025\/05\/OSMOPM-quick-coupler-male-150x150.jpg 150w, https:\/\/myfeqd.com\/wp-content\/uploads\/2025\/05\/OSMOPM-quick-coupler-male-600x600.jpg 600w, https:\/\/myfeqd.com\/wp-content\/uploads\/2025\/05\/OSMOPM-quick-coupler-male-100x100.jpg 100w\" sizes=\"(max-width: 640px) 100vw, 640px\" \/><\/a><\/td>\n<td style=\"width: 33.3333%;\"><a href=\"https:\/\/myfeqd.com\/es\/producto\/osfopf-female-quick-coupler\/\"><img loading=\"lazy\" decoding=\"async\" class=\"alignnone wp-image-6338 size-full\" src=\"https:\/\/myfeqd.com\/wp-content\/uploads\/2025\/05\/OSFOPF-female-quick-coupler.jpg\" alt=\"OSF+OPF female quick coupler\" width=\"640\" height=\"640\" srcset=\"https:\/\/myfeqd.com\/wp-content\/uploads\/2025\/05\/OSFOPF-female-quick-coupler.jpg 640w, https:\/\/myfeqd.com\/wp-content\/uploads\/2025\/05\/OSFOPF-female-quick-coupler-300x300.jpg 300w, https:\/\/myfeqd.com\/wp-content\/uploads\/2025\/05\/OSFOPF-female-quick-coupler-150x150.jpg 150w, https:\/\/myfeqd.com\/wp-content\/uploads\/2025\/05\/OSFOPF-female-quick-coupler-600x600.jpg 600w, https:\/\/myfeqd.com\/wp-content\/uploads\/2025\/05\/OSFOPF-female-quick-coupler-100x100.jpg 100w\" sizes=\"(max-width: 640px) 100vw, 640px\" \/><\/a><\/td>\n<\/tr>\n<\/tbody>\n<\/table>\n<p>&nbsp;<\/p>\n<p><a href=\"https:\/\/myfeqd.com\/es\/categoria-producto\/pneumatic-fittings\/quick-coupler\/\"><strong><span style=\"font-size: 18pt;\">M\u00e1s informaci\u00f3n sobre productos relacionados<\/span><\/strong><\/a><\/p>\n<p>&nbsp;<\/p>\n<p><a href=\"https:\/\/myfeqd.com\/es\/contact-us\/\"><span style=\"font-size: 18pt;\"><strong>Obtenga un presupuesto r\u00e1pido y gratuito<\/strong><\/span><\/a><\/p>","protected":false},"excerpt":{"rendered":"<ul>\n<li>Aumente la eficacia: cambie de herramienta neum\u00e1tica en 10 segundos<\/li>\n<li>Alto rendimiento de sellado; tasa de fuga de sellado &lt;0,1%, protecci\u00f3n de anillo de sellado de caucho de cuatro capas<\/li>\n<li>El funcionamiento con una sola mano y cierre autom\u00e1tico reduce la mano de obra del personal<\/li>\n<li>Gran compatibilidad: Hay estilo de rosca interna, estilo de rosca externa, estilo de tuber\u00eda de aire de conexi\u00f3n directa, y cada modelo se puede conectar entre s\u00ed<\/li>\n<\/ul>\n<p><strong><span style=\"font-size: 18pt;\">SKU:<\/span><\/strong><\/p>\n<table style=\"border-collapse: collapse; width: 100%;\">\n<tbody>\n<tr>\n<td style=\"width: 23.0626%;\">Modelo:<\/td>\n<td style=\"width: 26.9374%;\">Especificaciones del di\u00e1metro de la tuber\u00eda de conexi\u00f3n\uff1a<\/td>\n<td style=\"width: 25%;\">Modelo:<\/td>\n<td style=\"width: 25%;\">Especificaciones del di\u00e1metro de la tuber\u00eda de conexi\u00f3n\uff1a<\/td>\n<\/tr>\n<tr>\n<td style=\"width: 23.0626%;\">OSH-20<\/td>\n<td style=\"width: 26.9374%;\">Tubo PU\uff1a12*8<\/td>\n<td style=\"width: 25%;\">OPH-20<\/td>\n<td style=\"width: 25%;\">Tubo PU\uff1a12*8<\/td>\n<\/tr>\n<tr>\n<td style=\"width: 23.0626%;\">OSH-30<\/td>\n<td style=\"width: 26.9374%;\">Tubo PU\uff1a14*10<\/td>\n<td style=\"width: 25%;\">OPH-30<\/td>\n<td style=\"width: 25%;\">Tubo PU\uff1a14*10<\/td>\n<\/tr>\n<tr>\n<td style=\"width: 23.0626%;\">OSH-40<\/td>\n<td style=\"width: 26.9374%;\">Tubo PU\uff1a16*12<\/td>\n<td style=\"width: 25%;\">OPH-40<\/td>\n<td style=\"width: 25%;\">Tubo PU\uff1a16*12<\/td>\n<\/tr>\n<\/tbody>\n<\/table>","protected":false},"featured_media":6345,"comment_status":"open","ping_status":"closed","template":"","meta":{"_uag_custom_page_level_css":""},"product_brand":[],"product_cat":[93],"product_tag":[],"class_list":{"0":"post-6344","1":"product","2":"type-product","3":"status-publish","4":"has-post-thumbnail","6":"product_cat-quick-coupler","8":"first","9":"instock","10":"shipping-taxable","11":"product-type-simple"},"yoast_head":"<!-- This site is optimized with the Yoast SEO plugin v27.5 - https:\/\/yoast.com\/product\/yoast-seo-wordpress\/ -->\n<title>OSH+OPH air quick coupler - MYFEQD Pneumatic<\/title>\n<meta name=\"description\" content=\"Introducing OSH+OPH air quick coupler ordering code, technical parameters, structural features, etc. Click to learn more.\" \/>\n<meta name=\"robots\" content=\"index, follow, max-snippet:-1, max-image-preview:large, max-video-preview:-1\" \/>\n<link rel=\"canonical\" href=\"https:\/\/myfeqd.com\/es\/producto\/oshoph-air-quick-coupler\/\" \/>\n<meta property=\"og:locale\" content=\"es_ES\" \/>\n<meta property=\"og:type\" content=\"article\" \/>\n<meta property=\"og:title\" content=\"OSH+OPH air quick coupler - MYFEQD Pneumatic\" \/>\n<meta property=\"og:description\" content=\"Introducing OSH+OPH air quick coupler ordering code, technical parameters, structural features, etc. Click to learn more.\" \/>\n<meta property=\"og:url\" content=\"https:\/\/myfeqd.com\/es\/producto\/oshoph-air-quick-coupler\/\" \/>\n<meta property=\"og:site_name\" content=\"MYFEQD Pneumatic\" \/>\n<meta property=\"article:publisher\" content=\"https:\/\/www.facebook.com\/people\/Yuan-Qi\/\" \/>\n<meta property=\"article:modified_time\" content=\"2025-06-03T11:20:16+00:00\" \/>\n<meta property=\"og:image\" content=\"https:\/\/myfeqd.com\/wp-content\/uploads\/2025\/05\/OSHOPH-air-quick-coupler.jpg\" \/>\n\t<meta property=\"og:image:width\" content=\"640\" \/>\n\t<meta property=\"og:image:height\" content=\"640\" \/>\n\t<meta property=\"og:image:type\" content=\"image\/jpeg\" \/>\n<meta name=\"twitter:card\" content=\"summary_large_image\" \/>\n<meta name=\"twitter:label1\" content=\"Tiempo de lectura\" \/>\n\t<meta name=\"twitter:data1\" content=\"2 minutos\" \/>\n<script type=\"application\/ld+json\" class=\"yoast-schema-graph\">{\"@context\":\"https:\\\/\\\/schema.org\",\"@graph\":[{\"@type\":\"WebPage\",\"@id\":\"https:\\\/\\\/myfeqd.com\\\/product\\\/oshoph-air-quick-coupler\\\/\",\"url\":\"https:\\\/\\\/myfeqd.com\\\/product\\\/oshoph-air-quick-coupler\\\/\",\"name\":\"OSH+OPH air quick coupler - MYFEQD Pneumatic\",\"isPartOf\":{\"@id\":\"https:\\\/\\\/myfeqd.com\\\/#website\"},\"primaryImageOfPage\":{\"@id\":\"https:\\\/\\\/myfeqd.com\\\/product\\\/oshoph-air-quick-coupler\\\/#primaryimage\"},\"image\":{\"@id\":\"https:\\\/\\\/myfeqd.com\\\/product\\\/oshoph-air-quick-coupler\\\/#primaryimage\"},\"thumbnailUrl\":\"https:\\\/\\\/myfeqd.com\\\/wp-content\\\/uploads\\\/2025\\\/05\\\/OSHOPH-air-quick-coupler.jpg\",\"datePublished\":\"2025-05-24T01:33:59+00:00\",\"dateModified\":\"2025-06-03T11:20:16+00:00\",\"description\":\"Introducing OSH+OPH air quick coupler ordering code, technical parameters, structural features, etc. Click to learn more.\",\"breadcrumb\":{\"@id\":\"https:\\\/\\\/myfeqd.com\\\/product\\\/oshoph-air-quick-coupler\\\/#breadcrumb\"},\"inLanguage\":\"es\",\"potentialAction\":[{\"@type\":\"ReadAction\",\"target\":[\"https:\\\/\\\/myfeqd.com\\\/product\\\/oshoph-air-quick-coupler\\\/\"]}]},{\"@type\":\"ImageObject\",\"inLanguage\":\"es\",\"@id\":\"https:\\\/\\\/myfeqd.com\\\/product\\\/oshoph-air-quick-coupler\\\/#primaryimage\",\"url\":\"https:\\\/\\\/myfeqd.com\\\/wp-content\\\/uploads\\\/2025\\\/05\\\/OSHOPH-air-quick-coupler.jpg\",\"contentUrl\":\"https:\\\/\\\/myfeqd.com\\\/wp-content\\\/uploads\\\/2025\\\/05\\\/OSHOPH-air-quick-coupler.jpg\",\"width\":640,\"height\":640,\"caption\":\"OSH+OPH air quick coupler\"},{\"@type\":\"BreadcrumbList\",\"@id\":\"https:\\\/\\\/myfeqd.com\\\/product\\\/oshoph-air-quick-coupler\\\/#breadcrumb\",\"itemListElement\":[{\"@type\":\"ListItem\",\"position\":1,\"name\":\"\u9996\u9875\",\"item\":\"https:\\\/\\\/myfeqd.com\\\/\"},{\"@type\":\"ListItem\",\"position\":2,\"name\":\"Products\",\"item\":\"https:\\\/\\\/myfeqd.com\\\/products\\\/\"},{\"@type\":\"ListItem\",\"position\":3,\"name\":\"OSH+OPH air quick coupler\"}]},{\"@type\":\"WebSite\",\"@id\":\"https:\\\/\\\/myfeqd.com\\\/#website\",\"url\":\"https:\\\/\\\/myfeqd.com\\\/\",\"name\":\"MYFEQD Pneumatic\",\"description\":\"We are pneumatic manufacturer in China\",\"publisher\":{\"@id\":\"https:\\\/\\\/myfeqd.com\\\/#organization\"},\"alternateName\":\"MYFEQD Pneumatic\",\"potentialAction\":[{\"@type\":\"SearchAction\",\"target\":{\"@type\":\"EntryPoint\",\"urlTemplate\":\"https:\\\/\\\/myfeqd.com\\\/?s={search_term_string}\"},\"query-input\":{\"@type\":\"PropertyValueSpecification\",\"valueRequired\":true,\"valueName\":\"search_term_string\"}}],\"inLanguage\":\"es\"},{\"@type\":\"Organization\",\"@id\":\"https:\\\/\\\/myfeqd.com\\\/#organization\",\"name\":\"Pneumatic Manufacturer In China - MYFEQD Pneumatic\",\"url\":\"https:\\\/\\\/myfeqd.com\\\/\",\"logo\":{\"@type\":\"ImageObject\",\"inLanguage\":\"es\",\"@id\":\"https:\\\/\\\/myfeqd.com\\\/#\\\/schema\\\/logo\\\/image\\\/\",\"url\":\"https:\\\/\\\/myfeqd.com\\\/wp-content\\\/uploads\\\/2025\\\/03\\\/MYFEQD-Logo-NEW2.png\",\"contentUrl\":\"https:\\\/\\\/myfeqd.com\\\/wp-content\\\/uploads\\\/2025\\\/03\\\/MYFEQD-Logo-NEW2.png\",\"width\":350,\"height\":100,\"caption\":\"Pneumatic Manufacturer In China - MYFEQD Pneumatic\"},\"image\":{\"@id\":\"https:\\\/\\\/myfeqd.com\\\/#\\\/schema\\\/logo\\\/image\\\/\"},\"sameAs\":[\"https:\\\/\\\/www.facebook.com\\\/people\\\/Yuan-Qi\\\/\"]}]}<\/script>\n<!-- \/ Yoast SEO plugin. -->","yoast_head_json":{"title":"OSH+OPH air quick coupler - MYFEQD Pneumatic","description":"Introducing OSH+OPH air quick coupler ordering code, technical parameters, structural features, etc. Click to learn more.","robots":{"index":"index","follow":"follow","max-snippet":"max-snippet:-1","max-image-preview":"max-image-preview:large","max-video-preview":"max-video-preview:-1"},"canonical":"https:\/\/myfeqd.com\/es\/producto\/oshoph-air-quick-coupler\/","og_locale":"es_ES","og_type":"article","og_title":"OSH+OPH air quick coupler - MYFEQD Pneumatic","og_description":"Introducing OSH+OPH air quick coupler ordering code, technical parameters, structural features, etc. Click to learn more.","og_url":"https:\/\/myfeqd.com\/es\/producto\/oshoph-air-quick-coupler\/","og_site_name":"MYFEQD Pneumatic","article_publisher":"https:\/\/www.facebook.com\/people\/Yuan-Qi\/","article_modified_time":"2025-06-03T11:20:16+00:00","og_image":[{"width":640,"height":640,"url":"https:\/\/myfeqd.com\/wp-content\/uploads\/2025\/05\/OSHOPH-air-quick-coupler.jpg","type":"image\/jpeg"}],"twitter_card":"summary_large_image","twitter_misc":{"Tiempo de lectura":"2 minutos"},"schema":{"@context":"https:\/\/schema.org","@graph":[{"@type":"WebPage","@id":"https:\/\/myfeqd.com\/product\/oshoph-air-quick-coupler\/","url":"https:\/\/myfeqd.com\/product\/oshoph-air-quick-coupler\/","name":"OSH+OPH air quick coupler - MYFEQD Pneumatic","isPartOf":{"@id":"https:\/\/myfeqd.com\/#website"},"primaryImageOfPage":{"@id":"https:\/\/myfeqd.com\/product\/oshoph-air-quick-coupler\/#primaryimage"},"image":{"@id":"https:\/\/myfeqd.com\/product\/oshoph-air-quick-coupler\/#primaryimage"},"thumbnailUrl":"https:\/\/myfeqd.com\/wp-content\/uploads\/2025\/05\/OSHOPH-air-quick-coupler.jpg","datePublished":"2025-05-24T01:33:59+00:00","dateModified":"2025-06-03T11:20:16+00:00","description":"Introducing OSH+OPH air quick coupler ordering code, technical parameters, structural features, etc. Click to learn more.","breadcrumb":{"@id":"https:\/\/myfeqd.com\/product\/oshoph-air-quick-coupler\/#breadcrumb"},"inLanguage":"es","potentialAction":[{"@type":"ReadAction","target":["https:\/\/myfeqd.com\/product\/oshoph-air-quick-coupler\/"]}]},{"@type":"ImageObject","inLanguage":"es","@id":"https:\/\/myfeqd.com\/product\/oshoph-air-quick-coupler\/#primaryimage","url":"https:\/\/myfeqd.com\/wp-content\/uploads\/2025\/05\/OSHOPH-air-quick-coupler.jpg","contentUrl":"https:\/\/myfeqd.com\/wp-content\/uploads\/2025\/05\/OSHOPH-air-quick-coupler.jpg","width":640,"height":640,"caption":"OSH+OPH air quick coupler"},{"@type":"BreadcrumbList","@id":"https:\/\/myfeqd.com\/product\/oshoph-air-quick-coupler\/#breadcrumb","itemListElement":[{"@type":"ListItem","position":1,"name":"\u9996\u9875","item":"https:\/\/myfeqd.com\/"},{"@type":"ListItem","position":2,"name":"Products","item":"https:\/\/myfeqd.com\/products\/"},{"@type":"ListItem","position":3,"name":"OSH+OPH air quick coupler"}]},{"@type":"WebSite","@id":"https:\/\/myfeqd.com\/#website","url":"https:\/\/myfeqd.com\/","name":"MYFEQD Pneumatic","description":"We are pneumatic manufacturer in China","publisher":{"@id":"https:\/\/myfeqd.com\/#organization"},"alternateName":"MYFEQD Pneumatic","potentialAction":[{"@type":"SearchAction","target":{"@type":"EntryPoint","urlTemplate":"https:\/\/myfeqd.com\/?s={search_term_string}"},"query-input":{"@type":"PropertyValueSpecification","valueRequired":true,"valueName":"search_term_string"}}],"inLanguage":"es"},{"@type":"Organization","@id":"https:\/\/myfeqd.com\/#organization","name":"Pneumatic Manufacturer In China - MYFEQD Pneumatic","url":"https:\/\/myfeqd.com\/","logo":{"@type":"ImageObject","inLanguage":"es","@id":"https:\/\/myfeqd.com\/#\/schema\/logo\/image\/","url":"https:\/\/myfeqd.com\/wp-content\/uploads\/2025\/03\/MYFEQD-Logo-NEW2.png","contentUrl":"https:\/\/myfeqd.com\/wp-content\/uploads\/2025\/03\/MYFEQD-Logo-NEW2.png","width":350,"height":100,"caption":"Pneumatic Manufacturer In China - MYFEQD Pneumatic"},"image":{"@id":"https:\/\/myfeqd.com\/#\/schema\/logo\/image\/"},"sameAs":["https:\/\/www.facebook.com\/people\/Yuan-Qi\/"]}]}},"uagb_featured_image_src":{"full":["https:\/\/myfeqd.com\/wp-content\/uploads\/2025\/05\/OSHOPH-air-quick-coupler.jpg",640,640,false],"thumbnail":["https:\/\/myfeqd.com\/wp-content\/uploads\/2025\/05\/OSHOPH-air-quick-coupler-150x150.jpg",150,150,true],"medium":["https:\/\/myfeqd.com\/wp-content\/uploads\/2025\/05\/OSHOPH-air-quick-coupler-300x300.jpg",300,300,true],"medium_large":["https:\/\/myfeqd.com\/wp-content\/uploads\/2025\/05\/OSHOPH-air-quick-coupler.jpg",640,640,false],"large":["https:\/\/myfeqd.com\/wp-content\/uploads\/2025\/05\/OSHOPH-air-quick-coupler.jpg",640,640,false],"1536x1536":["https:\/\/myfeqd.com\/wp-content\/uploads\/2025\/05\/OSHOPH-air-quick-coupler.jpg",640,640,false],"2048x2048":["https:\/\/myfeqd.com\/wp-content\/uploads\/2025\/05\/OSHOPH-air-quick-coupler.jpg",640,640,false],"trp-custom-language-flag":["https:\/\/myfeqd.com\/wp-content\/uploads\/2025\/05\/OSHOPH-air-quick-coupler.jpg",12,12,false],"woocommerce_thumbnail":["https:\/\/myfeqd.com\/wp-content\/uploads\/2025\/05\/OSHOPH-air-quick-coupler-300x457.jpg",300,457,true],"woocommerce_single":["https:\/\/myfeqd.com\/wp-content\/uploads\/2025\/05\/OSHOPH-air-quick-coupler-600x600.jpg",600,600,true],"woocommerce_gallery_thumbnail":["https:\/\/myfeqd.com\/wp-content\/uploads\/2025\/05\/OSHOPH-air-quick-coupler-100x100.jpg",100,100,true]},"uagb_author_info":{"display_name":"Calven Qi","author_link":"https:\/\/myfeqd.com\/es\/author\/"},"uagb_comment_info":0,"uagb_excerpt":"Improve efficiency: switch between pneumatic tools in 10 seconds Strong sealing performance; sealing leakage rate &lt;0.1%, four-layer rubber sealing ring protection Self-locking one-hand operation reduces the labor intensity of staff Strong compatibility: There are internal thread style, external thread style, direct connection air pipe style, and each model can be connected to each other SKU:&hellip;","_links":{"self":[{"href":"https:\/\/myfeqd.com\/es\/wp-json\/wp\/v2\/product\/6344","targetHints":{"allow":["GET"]}}],"collection":[{"href":"https:\/\/myfeqd.com\/es\/wp-json\/wp\/v2\/product"}],"about":[{"href":"https:\/\/myfeqd.com\/es\/wp-json\/wp\/v2\/types\/product"}],"replies":[{"embeddable":true,"href":"https:\/\/myfeqd.com\/es\/wp-json\/wp\/v2\/comments?post=6344"}],"wp:featuredmedia":[{"embeddable":true,"href":"https:\/\/myfeqd.com\/es\/wp-json\/wp\/v2\/media\/6345"}],"wp:attachment":[{"href":"https:\/\/myfeqd.com\/es\/wp-json\/wp\/v2\/media?parent=6344"}],"wp:term":[{"taxonomy":"product_brand","embeddable":true,"href":"https:\/\/myfeqd.com\/es\/wp-json\/wp\/v2\/product_brand?post=6344"},{"taxonomy":"product_cat","embeddable":true,"href":"https:\/\/myfeqd.com\/es\/wp-json\/wp\/v2\/product_cat?post=6344"},{"taxonomy":"product_tag","embeddable":true,"href":"https:\/\/myfeqd.com\/es\/wp-json\/wp\/v2\/product_tag?post=6344"}],"curies":[{"name":"wp","href":"https:\/\/api.w.org\/{rel}","templated":true}]}}