{"id":6346,"date":"2025-05-24T01:34:56","date_gmt":"2025-05-24T01:34:56","guid":{"rendered":"https:\/\/myfeqd.com\/?post_type=product&#038;p=6346"},"modified":"2025-06-03T13:31:12","modified_gmt":"2025-06-03T13:31:12","slug":"oshoph-american-air-quick-coupler","status":"publish","type":"product","link":"https:\/\/myfeqd.com\/es\/producto\/oshoph-american-air-quick-coupler\/","title":{"rendered":"OSH+OPH Enchufe r\u00e1pido de aire americano"},"content":{"rendered":"<p><span style=\"font-size: 18pt;\"><strong>OSH+OPH Enchufe r\u00e1pido de aire americano Introducci\u00f3n:<\/strong><\/span><\/p>\n<ul>\n<li>Acoplador r\u00e1pido neum\u00e1tico americano OSH+OPH de MYFEQD Introducci\u00f3n: Es un acoplador r\u00e1pido neum\u00e1tico en miniatura que conecta directamente las mangueras neum\u00e1ticas en ambos extremos, adecuado para componentes neum\u00e1ticos que conectan y desconectan r\u00e1pidamente la presi\u00f3n de aire. Adopta una estructura de bloqueo mec\u00e1nico que se puede conectar y desmontar al instante, reduciendo en gran medida la intensidad de trabajo de la instalaci\u00f3n manual.<\/li>\n<li>Su material estructural general es el cobre y niquelado, que es m\u00e1s hermoso, resistente a la corrosi\u00f3n, resistente al desgaste, y no es f\u00e1cil de oxidar. Tiene las caracter\u00edsticas inherentes de material de cobre y tiene una fuerte conductividad t\u00e9rmica, lo que reduce el calor tra\u00eddo por el flujo de presi\u00f3n de aire y hace que el flujo de presi\u00f3n de aire m\u00e1s estable.<\/li>\n<li>La estructura de proceso tipo diente de sierra se conoce com\u00fanmente como junta neum\u00e1tica pagoda. Es adecuada para conectar tuber\u00edas de aire PU con un di\u00e1metro exterior de 6 mm y un di\u00e1metro interior de 4 mm, un di\u00e1metro exterior de 8 mm y un di\u00e1metro interior de 6 mm, y un di\u00e1metro exterior de 12 mm y un di\u00e1metro interior de 8 mm.<\/li>\n<\/ul>\n<p><span style=\"font-size: 18pt;\"><strong>C\u00f3digo de pedido:<\/strong><\/span><\/p>\n<p><img fetchpriority=\"high\" decoding=\"async\" class=\"wp-image-6486 size-full aligncenter\" src=\"https:\/\/myfeqd.com\/wp-content\/uploads\/2025\/05\/Quick-Coupler-Order-code-ASHAPH.jpg\" alt=\"Quick Coupler Order code ASH+APH\" width=\"950\" height=\"500\" srcset=\"https:\/\/myfeqd.com\/wp-content\/uploads\/2025\/05\/Quick-Coupler-Order-code-ASHAPH.jpg 950w, https:\/\/myfeqd.com\/wp-content\/uploads\/2025\/05\/Quick-Coupler-Order-code-ASHAPH-300x158.jpg 300w, https:\/\/myfeqd.com\/wp-content\/uploads\/2025\/05\/Quick-Coupler-Order-code-ASHAPH-768x404.jpg 768w, https:\/\/myfeqd.com\/wp-content\/uploads\/2025\/05\/Quick-Coupler-Order-code-ASHAPH-600x316.jpg 600w\" sizes=\"(max-width: 950px) 100vw, 950px\" \/><\/p>\n<p><span style=\"font-size: 18pt;\"><strong>Par\u00e1metros t\u00e9cnicos:<\/strong><\/span><\/p>\n<table style=\"border-collapse: collapse; width: 100%;\">\n<tbody>\n<tr>\n<td style=\"width: 50%;\">Fluido:<\/td>\n<td style=\"width: 50%;\">Aire,Si utiliza l\u00edquido, p\u00f3ngase en contacto con la f\u00e1brica<\/td>\n<\/tr>\n<tr>\n<td style=\"width: 50%;\">Presi\u00f3n m\u00e1xima de prueba:<\/td>\n<td style=\"width: 50%;\">1,32Mpa (13,5kgf\/cm\u00b2\uff09<\/td>\n<\/tr>\n<tr>\n<td style=\"width: 50%;\">Rango de presi\u00f3n de trabajo:<\/td>\n<td style=\"width: 50%;\">0~0,9Mpa (0~10,2kgf\/cm\u00b2\uff09<\/td>\n<\/tr>\n<tr>\n<td style=\"width: 50%;\">Temperatura ambiente:<\/td>\n<td style=\"width: 50%;\">0~60\u2103<\/td>\n<\/tr>\n<tr>\n<td style=\"width: 50%;\">Tuber\u00eda aplicable:<\/td>\n<td style=\"width: 50%;\">Tubo PU\/PA\/PE\/PEE<\/td>\n<\/tr>\n<\/tbody>\n<\/table>\n<p><span style=\"font-size: 18pt;\"><strong>Selecci\u00f3n Cat\u00e1logo :Unidad: mm<\/strong><\/span><\/p>\n<table style=\"border-collapse: collapse; width: 100%; height: 168px;\">\n<tbody>\n<tr style=\"height: 24px;\">\n<td style=\"width: 12.5%; height: 24px; text-align: center;\"><strong>Imagen\uff1a<\/strong><\/td>\n<td style=\"width: 12.5%; height: 24px; text-align: center;\"><strong>Modelo\uff1a<\/strong><\/td>\n<td style=\"width: 12.5%; height: 24px; text-align: center;\"><strong>K<\/strong><\/td>\n<td style=\"width: 6.25%; height: 24px; text-align: center;\"><strong>D<\/strong><\/td>\n<td style=\"width: 6.25%; text-align: center; height: 24px;\"><b>L<\/b><\/td>\n<td style=\"width: 12.5%; height: 24px; text-align: center;\"><strong>C<\/strong><\/td>\n<td style=\"width: 12.5%; height: 24px; text-align: center;\"><strong>T<\/strong><\/td>\n<td style=\"width: 12.5%; height: 24px; text-align: center;\"><strong>H<\/strong><\/td>\n<td style=\"width: 12.5%; height: 24px; text-align: center;\"><strong>G<\/strong><\/td>\n<\/tr>\n<tr style=\"height: 24px;\">\n<td style=\"width: 12.5%; height: 72px;\" rowspan=\"3\"><img decoding=\"async\" class=\"alignnone size-full wp-image-6487\" src=\"https:\/\/myfeqd.com\/wp-content\/uploads\/2025\/05\/f81d1c1af0e7942113ef6eb6dab04c7.png\" alt=\"ASH Quick Coupler\" width=\"169\" height=\"279\" \/><\/td>\n<td style=\"width: 12.5%; height: 24px; text-align: center;\">ASH-01<\/td>\n<td style=\"width: 12.5%; height: 24px; text-align: center;\">17 mm<\/td>\n<td style=\"width: 6.25%; height: 24px; text-align: center;\">4 mm<\/td>\n<td style=\"width: 6.25%; height: 24px; text-align: center;\"><\/td>\n<td style=\"width: 12.5%; height: 24px; text-align: center;\">66.5<\/td>\n<td style=\"width: 12.5%; height: 24px; text-align: center;\">25.5<\/td>\n<td style=\"width: 12.5%; height: 24px; text-align: center;\">14<\/td>\n<td style=\"width: 12.5%; height: 24px; text-align: center;\">36.5g<\/td>\n<\/tr>\n<tr style=\"height: 24px;\">\n<td style=\"width: 12.5%; height: 24px; text-align: center;\">ASH-02<\/td>\n<td style=\"width: 12.5%; height: 24px; text-align: center;\">17 mm<\/td>\n<td style=\"width: 6.25%; height: 24px; text-align: center;\">6 mm<\/td>\n<td style=\"width: 6.25%; height: 24px; text-align: center;\"><\/td>\n<td style=\"width: 12.5%; height: 24px; text-align: center;\">66.5<\/td>\n<td style=\"width: 12.5%; height: 24px; text-align: center;\">25.5<\/td>\n<td style=\"width: 12.5%; height: 24px; text-align: center;\">14<\/td>\n<td style=\"width: 12.5%; height: 24px; text-align: center;\">46.2g<\/td>\n<\/tr>\n<tr style=\"height: 24px;\">\n<td style=\"width: 12.5%; height: 24px; text-align: center;\">ASH-03<\/td>\n<td style=\"width: 12.5%; height: 24px; text-align: center;\">17 mm<\/td>\n<td style=\"width: 6.25%; height: 24px; text-align: center;\">8 mm<\/td>\n<td style=\"width: 6.25%; height: 24px; text-align: center;\"><\/td>\n<td style=\"width: 12.5%; height: 24px; text-align: center;\">66.5<\/td>\n<td style=\"width: 12.5%; height: 24px; text-align: center;\">25.5<\/td>\n<td style=\"width: 12.5%; height: 24px; text-align: center;\">14<\/td>\n<td style=\"width: 12.5%; height: 24px; text-align: center;\">55.5g<\/td>\n<\/tr>\n<tr style=\"height: 24px;\">\n<td style=\"width: 12.5%; height: 72px;\" rowspan=\"3\"><img decoding=\"async\" class=\"alignnone size-medium wp-image-6488\" src=\"https:\/\/myfeqd.com\/wp-content\/uploads\/2025\/05\/96742ebcf211b7ed5605cacf9b491c9-185x300.png\" alt=\"APH Quick Coupler\" width=\"185\" height=\"300\" srcset=\"https:\/\/myfeqd.com\/wp-content\/uploads\/2025\/05\/96742ebcf211b7ed5605cacf9b491c9-185x300.png 185w, https:\/\/myfeqd.com\/wp-content\/uploads\/2025\/05\/96742ebcf211b7ed5605cacf9b491c9.png 188w\" sizes=\"(max-width: 185px) 100vw, 185px\" \/><\/td>\n<td style=\"width: 12.5%; height: 24px; text-align: center;\">APH-01<\/td>\n<td style=\"width: 12.5%; height: 24px; text-align: center;\">20,5 mm<\/td>\n<td style=\"width: 6.25%; height: 24px; text-align: center;\">1\/8<\/td>\n<td style=\"width: 6.25%; height: 24px; text-align: center;\">8,4 mm<\/td>\n<td style=\"width: 12.5%; height: 24px; text-align: center;\">54<\/td>\n<td style=\"width: 12.5%; height: 24px; text-align: center;\">27.5<\/td>\n<td style=\"width: 12.5%; height: 24px; text-align: center;\">13.5<\/td>\n<td style=\"width: 12.5%; height: 24px; text-align: center;\">11.9g<\/td>\n<\/tr>\n<tr style=\"height: 24px;\">\n<td style=\"width: 12.5%; height: 24px; text-align: center;\">APH-02<\/td>\n<td style=\"width: 12.5%; height: 24px; text-align: center;\">20,5 mm<\/td>\n<td style=\"width: 6.25%; height: 24px; text-align: center;\">5\/6<\/td>\n<td style=\"width: 6.25%; height: 24px; text-align: center;\">8,4 mm<\/td>\n<td style=\"width: 12.5%; height: 24px; text-align: center;\">54<\/td>\n<td style=\"width: 12.5%; height: 24px; text-align: center;\">27.5<\/td>\n<td style=\"width: 12.5%; height: 24px; text-align: center;\">13.5<\/td>\n<td style=\"width: 12.5%; height: 24px; text-align: center;\">14.6g<\/td>\n<\/tr>\n<tr style=\"height: 24px;\">\n<td style=\"width: 12.5%; height: 24px; text-align: center;\">APH-03<\/td>\n<td style=\"width: 12.5%; height: 24px; text-align: center;\">20,5 mm<\/td>\n<td style=\"width: 6.25%; height: 24px; text-align: center;\">3\/8<\/td>\n<td style=\"width: 6.25%; height: 24px; text-align: center;\">8,4 mm<\/td>\n<td style=\"width: 12.5%; height: 24px; text-align: center;\">54<\/td>\n<td style=\"width: 12.5%; height: 24px; text-align: center;\">27.5<\/td>\n<td style=\"width: 12.5%; height: 24px; text-align: center;\">13.5<\/td>\n<td style=\"width: 12.5%; height: 24px; text-align: center;\">18.7g<\/td>\n<\/tr>\n<\/tbody>\n<\/table>\n<p><span style=\"font-size: 18pt;\"><strong>Productos de la misma serie\uff1a<\/strong><\/span><\/p>\n<table style=\"border-collapse: collapse; width: 100%;\">\n<tbody>\n<tr>\n<td style=\"width: 33.3333%;\"><a href=\"https:\/\/myfeqd.com\/es\/producto\/ospopp-american-pneumatic-quick-coupler\/\"><img loading=\"lazy\" decoding=\"async\" class=\"alignnone wp-image-6367 size-full\" src=\"https:\/\/myfeqd.com\/wp-content\/uploads\/2025\/05\/OSPOPP-American-pneumatic-quick-coupler.jpg\" alt=\"OSP+OPP American pneumatic quick coupler\" width=\"640\" height=\"640\" srcset=\"https:\/\/myfeqd.com\/wp-content\/uploads\/2025\/05\/OSPOPP-American-pneumatic-quick-coupler.jpg 640w, https:\/\/myfeqd.com\/wp-content\/uploads\/2025\/05\/OSPOPP-American-pneumatic-quick-coupler-300x300.jpg 300w, https:\/\/myfeqd.com\/wp-content\/uploads\/2025\/05\/OSPOPP-American-pneumatic-quick-coupler-150x150.jpg 150w, https:\/\/myfeqd.com\/wp-content\/uploads\/2025\/05\/OSPOPP-American-pneumatic-quick-coupler-600x600.jpg 600w, https:\/\/myfeqd.com\/wp-content\/uploads\/2025\/05\/OSPOPP-American-pneumatic-quick-coupler-100x100.jpg 100w\" sizes=\"(max-width: 640px) 100vw, 640px\" \/><\/a><\/td>\n<td style=\"width: 33.3333%;\"><a href=\"https:\/\/myfeqd.com\/es\/producto\/osmopm-american-quick-coupler-male\/\"><img loading=\"lazy\" decoding=\"async\" class=\"alignnone wp-image-6353 size-full\" src=\"https:\/\/myfeqd.com\/wp-content\/uploads\/2025\/05\/OSMOPM-American-quick-coupler-male.jpg\" alt=\"OSM+OPM American quick coupler male\" width=\"640\" height=\"640\" srcset=\"https:\/\/myfeqd.com\/wp-content\/uploads\/2025\/05\/OSMOPM-American-quick-coupler-male.jpg 640w, https:\/\/myfeqd.com\/wp-content\/uploads\/2025\/05\/OSMOPM-American-quick-coupler-male-300x300.jpg 300w, https:\/\/myfeqd.com\/wp-content\/uploads\/2025\/05\/OSMOPM-American-quick-coupler-male-150x150.jpg 150w, https:\/\/myfeqd.com\/wp-content\/uploads\/2025\/05\/OSMOPM-American-quick-coupler-male-600x600.jpg 600w, https:\/\/myfeqd.com\/wp-content\/uploads\/2025\/05\/OSMOPM-American-quick-coupler-male-100x100.jpg 100w\" sizes=\"(max-width: 640px) 100vw, 640px\" \/><\/a><\/td>\n<td style=\"width: 33.3333%;\"><a href=\"https:\/\/myfeqd.com\/es\/producto\/osfopf-american-female-quick-coupler\/\"><img loading=\"lazy\" decoding=\"async\" class=\"alignnone wp-image-6336 size-full\" src=\"https:\/\/myfeqd.com\/wp-content\/uploads\/2025\/05\/OSFOPF-American-female-quick-coupler.jpg\" alt=\"OSF+OPF American female quick coupler\" width=\"640\" height=\"640\" srcset=\"https:\/\/myfeqd.com\/wp-content\/uploads\/2025\/05\/OSFOPF-American-female-quick-coupler.jpg 640w, https:\/\/myfeqd.com\/wp-content\/uploads\/2025\/05\/OSFOPF-American-female-quick-coupler-300x300.jpg 300w, https:\/\/myfeqd.com\/wp-content\/uploads\/2025\/05\/OSFOPF-American-female-quick-coupler-150x150.jpg 150w, https:\/\/myfeqd.com\/wp-content\/uploads\/2025\/05\/OSFOPF-American-female-quick-coupler-600x600.jpg 600w, https:\/\/myfeqd.com\/wp-content\/uploads\/2025\/05\/OSFOPF-American-female-quick-coupler-100x100.jpg 100w\" sizes=\"(max-width: 640px) 100vw, 640px\" \/><\/a><\/td>\n<\/tr>\n<\/tbody>\n<\/table>\n<p><span style=\"font-size: 18pt;\"><a href=\"https:\/\/myfeqd.com\/es\/categoria-producto\/pneumatic-fittings\/quick-coupler\/\">M\u00e1s informaci\u00f3n sobre productos relacionados<\/a><\/span><\/p>","protected":false},"excerpt":{"rendered":"<ul>\n<li>Aumente la eficacia: cambie de herramienta neum\u00e1tica en 10 segundos<\/li>\n<li>Alto rendimiento de sellado; tasa de fuga de sellado &lt;0,1%, protecci\u00f3n de anillo de sellado de caucho de cuatro capas<\/li>\n<li>El funcionamiento con una sola mano y cierre autom\u00e1tico reduce la mano de obra del personal<\/li>\n<li>Gran compatibilidad: Hay estilo de rosca interna, estilo de rosca externa, estilo de tuber\u00eda de aire de conexi\u00f3n directa, y cada modelo se puede conectar entre s\u00ed<\/li>\n<\/ul>\n<p><span style=\"font-size: 18pt;\"><strong>SKU:<\/strong><\/span><\/p>\n<table style=\"border-collapse: collapse; width: 100%;\">\n<tbody>\n<tr>\n<td style=\"width: 25%;\">Modelo:<\/td>\n<td style=\"width: 25%;\">Tipo de manguera neum\u00e1tica\uff1a<\/td>\n<td style=\"width: 25%;\">Modelo:<\/td>\n<td style=\"width: 25%;\">Tipo de manguera neum\u00e1tica\uff1a<\/td>\n<\/tr>\n<tr>\n<td style=\"width: 25%;\">ASH-01<\/td>\n<td style=\"width: 25%;\">Tubo PU\uff1a6*4<\/td>\n<td style=\"width: 25%;\">APH-01<\/td>\n<td style=\"width: 25%;\">Tubo PU\uff1a6*4<\/td>\n<\/tr>\n<tr>\n<td style=\"width: 25%;\">ASH-02<\/td>\n<td style=\"width: 25%;\">Tubo PU\uff1a8*5<\/td>\n<td style=\"width: 25%;\">APH-02<\/td>\n<td style=\"width: 25%;\">Tubo PU\uff1a8*5<\/td>\n<\/tr>\n<tr>\n<td style=\"width: 25%;\">ASH-03<\/td>\n<td style=\"width: 25%;\">Tubo PU\uff1a12*8<\/td>\n<td style=\"width: 25%;\">APH-03<\/td>\n<td style=\"width: 25%;\">Tubo PU\uff1a12*8<\/td>\n<\/tr>\n<\/tbody>\n<\/table>","protected":false},"featured_media":6347,"comment_status":"open","ping_status":"closed","template":"","meta":{"_uag_custom_page_level_css":""},"product_brand":[],"product_cat":[93],"product_tag":[],"class_list":{"0":"post-6346","1":"product","2":"type-product","3":"status-publish","4":"has-post-thumbnail","6":"product_cat-quick-coupler","8":"first","9":"instock","10":"shipping-taxable","11":"product-type-simple"},"yoast_head":"<!-- This site is optimized with the Yoast SEO plugin v27.5 - https:\/\/yoast.com\/product\/yoast-seo-wordpress\/ -->\n<title>OSH+OPH American air quick coupler - MYFEQD Pneumatic<\/title>\n<meta name=\"description\" content=\"Introducing the product size, features, option codes, and technical parameters of OSH+OPH American air quick coupler. Please click here to learn more\" \/>\n<meta name=\"robots\" content=\"index, follow, max-snippet:-1, max-image-preview:large, max-video-preview:-1\" \/>\n<link rel=\"canonical\" href=\"https:\/\/myfeqd.com\/es\/producto\/oshoph-american-air-quick-coupler\/\" \/>\n<meta property=\"og:locale\" content=\"es_ES\" \/>\n<meta property=\"og:type\" content=\"article\" \/>\n<meta property=\"og:title\" content=\"OSH+OPH American air quick coupler - MYFEQD Pneumatic\" \/>\n<meta property=\"og:description\" content=\"Introducing the product size, features, option codes, and technical parameters of OSH+OPH American air quick coupler. Please click here to learn more\" \/>\n<meta property=\"og:url\" content=\"https:\/\/myfeqd.com\/es\/producto\/oshoph-american-air-quick-coupler\/\" \/>\n<meta property=\"og:site_name\" content=\"MYFEQD Pneumatic\" \/>\n<meta property=\"article:publisher\" content=\"https:\/\/www.facebook.com\/people\/Yuan-Qi\/\" \/>\n<meta property=\"article:modified_time\" content=\"2025-06-03T13:31:12+00:00\" \/>\n<meta property=\"og:image\" content=\"https:\/\/myfeqd.com\/wp-content\/uploads\/2025\/05\/OSHOPH-American-air-quick-coupler.jpg\" \/>\n\t<meta property=\"og:image:width\" content=\"640\" \/>\n\t<meta property=\"og:image:height\" content=\"640\" \/>\n\t<meta property=\"og:image:type\" content=\"image\/jpeg\" \/>\n<meta name=\"twitter:card\" content=\"summary_large_image\" \/>\n<meta name=\"twitter:label1\" content=\"Tiempo de lectura\" \/>\n\t<meta name=\"twitter:data1\" content=\"3 minutos\" \/>\n<script type=\"application\/ld+json\" class=\"yoast-schema-graph\">{\"@context\":\"https:\\\/\\\/schema.org\",\"@graph\":[{\"@type\":\"WebPage\",\"@id\":\"https:\\\/\\\/myfeqd.com\\\/product\\\/oshoph-american-air-quick-coupler\\\/\",\"url\":\"https:\\\/\\\/myfeqd.com\\\/product\\\/oshoph-american-air-quick-coupler\\\/\",\"name\":\"OSH+OPH American air quick coupler - MYFEQD Pneumatic\",\"isPartOf\":{\"@id\":\"https:\\\/\\\/myfeqd.com\\\/#website\"},\"primaryImageOfPage\":{\"@id\":\"https:\\\/\\\/myfeqd.com\\\/product\\\/oshoph-american-air-quick-coupler\\\/#primaryimage\"},\"image\":{\"@id\":\"https:\\\/\\\/myfeqd.com\\\/product\\\/oshoph-american-air-quick-coupler\\\/#primaryimage\"},\"thumbnailUrl\":\"https:\\\/\\\/myfeqd.com\\\/wp-content\\\/uploads\\\/2025\\\/05\\\/OSHOPH-American-air-quick-coupler.jpg\",\"datePublished\":\"2025-05-24T01:34:56+00:00\",\"dateModified\":\"2025-06-03T13:31:12+00:00\",\"description\":\"Introducing the product size, features, option codes, and technical parameters of OSH+OPH American air quick coupler. Please click here to learn more\",\"breadcrumb\":{\"@id\":\"https:\\\/\\\/myfeqd.com\\\/product\\\/oshoph-american-air-quick-coupler\\\/#breadcrumb\"},\"inLanguage\":\"es\",\"potentialAction\":[{\"@type\":\"ReadAction\",\"target\":[\"https:\\\/\\\/myfeqd.com\\\/product\\\/oshoph-american-air-quick-coupler\\\/\"]}]},{\"@type\":\"ImageObject\",\"inLanguage\":\"es\",\"@id\":\"https:\\\/\\\/myfeqd.com\\\/product\\\/oshoph-american-air-quick-coupler\\\/#primaryimage\",\"url\":\"https:\\\/\\\/myfeqd.com\\\/wp-content\\\/uploads\\\/2025\\\/05\\\/OSHOPH-American-air-quick-coupler.jpg\",\"contentUrl\":\"https:\\\/\\\/myfeqd.com\\\/wp-content\\\/uploads\\\/2025\\\/05\\\/OSHOPH-American-air-quick-coupler.jpg\",\"width\":640,\"height\":640,\"caption\":\"OSH+OPH American air quick coupler\"},{\"@type\":\"BreadcrumbList\",\"@id\":\"https:\\\/\\\/myfeqd.com\\\/product\\\/oshoph-american-air-quick-coupler\\\/#breadcrumb\",\"itemListElement\":[{\"@type\":\"ListItem\",\"position\":1,\"name\":\"\u9996\u9875\",\"item\":\"https:\\\/\\\/myfeqd.com\\\/\"},{\"@type\":\"ListItem\",\"position\":2,\"name\":\"Products\",\"item\":\"https:\\\/\\\/myfeqd.com\\\/products\\\/\"},{\"@type\":\"ListItem\",\"position\":3,\"name\":\"OSH+OPH American air quick coupler\"}]},{\"@type\":\"WebSite\",\"@id\":\"https:\\\/\\\/myfeqd.com\\\/#website\",\"url\":\"https:\\\/\\\/myfeqd.com\\\/\",\"name\":\"MYFEQD Pneumatic\",\"description\":\"We are pneumatic manufacturer in China\",\"publisher\":{\"@id\":\"https:\\\/\\\/myfeqd.com\\\/#organization\"},\"alternateName\":\"MYFEQD Pneumatic\",\"potentialAction\":[{\"@type\":\"SearchAction\",\"target\":{\"@type\":\"EntryPoint\",\"urlTemplate\":\"https:\\\/\\\/myfeqd.com\\\/?s={search_term_string}\"},\"query-input\":{\"@type\":\"PropertyValueSpecification\",\"valueRequired\":true,\"valueName\":\"search_term_string\"}}],\"inLanguage\":\"es\"},{\"@type\":\"Organization\",\"@id\":\"https:\\\/\\\/myfeqd.com\\\/#organization\",\"name\":\"Pneumatic Manufacturer In China - MYFEQD Pneumatic\",\"url\":\"https:\\\/\\\/myfeqd.com\\\/\",\"logo\":{\"@type\":\"ImageObject\",\"inLanguage\":\"es\",\"@id\":\"https:\\\/\\\/myfeqd.com\\\/#\\\/schema\\\/logo\\\/image\\\/\",\"url\":\"https:\\\/\\\/myfeqd.com\\\/wp-content\\\/uploads\\\/2025\\\/03\\\/MYFEQD-Logo-NEW2.png\",\"contentUrl\":\"https:\\\/\\\/myfeqd.com\\\/wp-content\\\/uploads\\\/2025\\\/03\\\/MYFEQD-Logo-NEW2.png\",\"width\":350,\"height\":100,\"caption\":\"Pneumatic Manufacturer In China - MYFEQD Pneumatic\"},\"image\":{\"@id\":\"https:\\\/\\\/myfeqd.com\\\/#\\\/schema\\\/logo\\\/image\\\/\"},\"sameAs\":[\"https:\\\/\\\/www.facebook.com\\\/people\\\/Yuan-Qi\\\/\"]}]}<\/script>\n<!-- \/ Yoast SEO plugin. -->","yoast_head_json":{"title":"OSH+OPH American air quick coupler - MYFEQD Pneumatic","description":"Introducing the product size, features, option codes, and technical parameters of OSH+OPH American air quick coupler. Please click here to learn more","robots":{"index":"index","follow":"follow","max-snippet":"max-snippet:-1","max-image-preview":"max-image-preview:large","max-video-preview":"max-video-preview:-1"},"canonical":"https:\/\/myfeqd.com\/es\/producto\/oshoph-american-air-quick-coupler\/","og_locale":"es_ES","og_type":"article","og_title":"OSH+OPH American air quick coupler - MYFEQD Pneumatic","og_description":"Introducing the product size, features, option codes, and technical parameters of OSH+OPH American air quick coupler. Please click here to learn more","og_url":"https:\/\/myfeqd.com\/es\/producto\/oshoph-american-air-quick-coupler\/","og_site_name":"MYFEQD Pneumatic","article_publisher":"https:\/\/www.facebook.com\/people\/Yuan-Qi\/","article_modified_time":"2025-06-03T13:31:12+00:00","og_image":[{"width":640,"height":640,"url":"https:\/\/myfeqd.com\/wp-content\/uploads\/2025\/05\/OSHOPH-American-air-quick-coupler.jpg","type":"image\/jpeg"}],"twitter_card":"summary_large_image","twitter_misc":{"Tiempo de lectura":"3 minutos"},"schema":{"@context":"https:\/\/schema.org","@graph":[{"@type":"WebPage","@id":"https:\/\/myfeqd.com\/product\/oshoph-american-air-quick-coupler\/","url":"https:\/\/myfeqd.com\/product\/oshoph-american-air-quick-coupler\/","name":"OSH+OPH American air quick coupler - MYFEQD Pneumatic","isPartOf":{"@id":"https:\/\/myfeqd.com\/#website"},"primaryImageOfPage":{"@id":"https:\/\/myfeqd.com\/product\/oshoph-american-air-quick-coupler\/#primaryimage"},"image":{"@id":"https:\/\/myfeqd.com\/product\/oshoph-american-air-quick-coupler\/#primaryimage"},"thumbnailUrl":"https:\/\/myfeqd.com\/wp-content\/uploads\/2025\/05\/OSHOPH-American-air-quick-coupler.jpg","datePublished":"2025-05-24T01:34:56+00:00","dateModified":"2025-06-03T13:31:12+00:00","description":"Introducing the product size, features, option codes, and technical parameters of OSH+OPH American air quick coupler. Please click here to learn more","breadcrumb":{"@id":"https:\/\/myfeqd.com\/product\/oshoph-american-air-quick-coupler\/#breadcrumb"},"inLanguage":"es","potentialAction":[{"@type":"ReadAction","target":["https:\/\/myfeqd.com\/product\/oshoph-american-air-quick-coupler\/"]}]},{"@type":"ImageObject","inLanguage":"es","@id":"https:\/\/myfeqd.com\/product\/oshoph-american-air-quick-coupler\/#primaryimage","url":"https:\/\/myfeqd.com\/wp-content\/uploads\/2025\/05\/OSHOPH-American-air-quick-coupler.jpg","contentUrl":"https:\/\/myfeqd.com\/wp-content\/uploads\/2025\/05\/OSHOPH-American-air-quick-coupler.jpg","width":640,"height":640,"caption":"OSH+OPH American air quick coupler"},{"@type":"BreadcrumbList","@id":"https:\/\/myfeqd.com\/product\/oshoph-american-air-quick-coupler\/#breadcrumb","itemListElement":[{"@type":"ListItem","position":1,"name":"\u9996\u9875","item":"https:\/\/myfeqd.com\/"},{"@type":"ListItem","position":2,"name":"Products","item":"https:\/\/myfeqd.com\/products\/"},{"@type":"ListItem","position":3,"name":"OSH+OPH American air quick coupler"}]},{"@type":"WebSite","@id":"https:\/\/myfeqd.com\/#website","url":"https:\/\/myfeqd.com\/","name":"MYFEQD Pneumatic","description":"We are pneumatic manufacturer in China","publisher":{"@id":"https:\/\/myfeqd.com\/#organization"},"alternateName":"MYFEQD Pneumatic","potentialAction":[{"@type":"SearchAction","target":{"@type":"EntryPoint","urlTemplate":"https:\/\/myfeqd.com\/?s={search_term_string}"},"query-input":{"@type":"PropertyValueSpecification","valueRequired":true,"valueName":"search_term_string"}}],"inLanguage":"es"},{"@type":"Organization","@id":"https:\/\/myfeqd.com\/#organization","name":"Pneumatic Manufacturer In China - MYFEQD Pneumatic","url":"https:\/\/myfeqd.com\/","logo":{"@type":"ImageObject","inLanguage":"es","@id":"https:\/\/myfeqd.com\/#\/schema\/logo\/image\/","url":"https:\/\/myfeqd.com\/wp-content\/uploads\/2025\/03\/MYFEQD-Logo-NEW2.png","contentUrl":"https:\/\/myfeqd.com\/wp-content\/uploads\/2025\/03\/MYFEQD-Logo-NEW2.png","width":350,"height":100,"caption":"Pneumatic Manufacturer In China - MYFEQD Pneumatic"},"image":{"@id":"https:\/\/myfeqd.com\/#\/schema\/logo\/image\/"},"sameAs":["https:\/\/www.facebook.com\/people\/Yuan-Qi\/"]}]}},"uagb_featured_image_src":{"full":["https:\/\/myfeqd.com\/wp-content\/uploads\/2025\/05\/OSHOPH-American-air-quick-coupler.jpg",640,640,false],"thumbnail":["https:\/\/myfeqd.com\/wp-content\/uploads\/2025\/05\/OSHOPH-American-air-quick-coupler-150x150.jpg",150,150,true],"medium":["https:\/\/myfeqd.com\/wp-content\/uploads\/2025\/05\/OSHOPH-American-air-quick-coupler-300x300.jpg",300,300,true],"medium_large":["https:\/\/myfeqd.com\/wp-content\/uploads\/2025\/05\/OSHOPH-American-air-quick-coupler.jpg",640,640,false],"large":["https:\/\/myfeqd.com\/wp-content\/uploads\/2025\/05\/OSHOPH-American-air-quick-coupler.jpg",640,640,false],"1536x1536":["https:\/\/myfeqd.com\/wp-content\/uploads\/2025\/05\/OSHOPH-American-air-quick-coupler.jpg",640,640,false],"2048x2048":["https:\/\/myfeqd.com\/wp-content\/uploads\/2025\/05\/OSHOPH-American-air-quick-coupler.jpg",640,640,false],"trp-custom-language-flag":["https:\/\/myfeqd.com\/wp-content\/uploads\/2025\/05\/OSHOPH-American-air-quick-coupler.jpg",12,12,false],"woocommerce_thumbnail":["https:\/\/myfeqd.com\/wp-content\/uploads\/2025\/05\/OSHOPH-American-air-quick-coupler-300x457.jpg",300,457,true],"woocommerce_single":["https:\/\/myfeqd.com\/wp-content\/uploads\/2025\/05\/OSHOPH-American-air-quick-coupler-600x600.jpg",600,600,true],"woocommerce_gallery_thumbnail":["https:\/\/myfeqd.com\/wp-content\/uploads\/2025\/05\/OSHOPH-American-air-quick-coupler-100x100.jpg",100,100,true]},"uagb_author_info":{"display_name":"Calven Qi","author_link":"https:\/\/myfeqd.com\/es\/author\/"},"uagb_comment_info":0,"uagb_excerpt":"Improve efficiency: switch between pneumatic tools in 10 seconds Strong sealing performance; sealing leakage rate &lt;0.1%, four-layer rubber sealing ring protection Self-locking one-hand operation reduces the labor intensity of staff Strong compatibility: There are internal thread style, external thread style, direct connection air pipe style, and each model can be connected to each other SKU:&hellip;","_links":{"self":[{"href":"https:\/\/myfeqd.com\/es\/wp-json\/wp\/v2\/product\/6346","targetHints":{"allow":["GET"]}}],"collection":[{"href":"https:\/\/myfeqd.com\/es\/wp-json\/wp\/v2\/product"}],"about":[{"href":"https:\/\/myfeqd.com\/es\/wp-json\/wp\/v2\/types\/product"}],"replies":[{"embeddable":true,"href":"https:\/\/myfeqd.com\/es\/wp-json\/wp\/v2\/comments?post=6346"}],"wp:featuredmedia":[{"embeddable":true,"href":"https:\/\/myfeqd.com\/es\/wp-json\/wp\/v2\/media\/6347"}],"wp:attachment":[{"href":"https:\/\/myfeqd.com\/es\/wp-json\/wp\/v2\/media?parent=6346"}],"wp:term":[{"taxonomy":"product_brand","embeddable":true,"href":"https:\/\/myfeqd.com\/es\/wp-json\/wp\/v2\/product_brand?post=6346"},{"taxonomy":"product_cat","embeddable":true,"href":"https:\/\/myfeqd.com\/es\/wp-json\/wp\/v2\/product_cat?post=6346"},{"taxonomy":"product_tag","embeddable":true,"href":"https:\/\/myfeqd.com\/es\/wp-json\/wp\/v2\/product_tag?post=6346"}],"curies":[{"name":"wp","href":"https:\/\/api.w.org\/{rel}","templated":true}]}}