{"id":6358,"date":"2025-05-24T01:40:28","date_gmt":"2025-05-24T01:40:28","guid":{"rendered":"https:\/\/myfeqd.com\/?post_type=product&#038;p=6358"},"modified":"2025-06-06T13:23:10","modified_gmt":"2025-06-06T13:23:10","slug":"osmopm-stainless-steel-quick-coupler-male","status":"publish","type":"product","link":"https:\/\/myfeqd.com\/es\/producto\/osmopm-stainless-steel-quick-coupler-male\/","title":{"rendered":"OSM+OPM Enchufe r\u00e1pido de acero inoxidable macho"},"content":{"rendered":"<p><span style=\"font-size: 18pt;\"><strong>OSM+OPM Acoplador r\u00e1pido de acero inoxidable macho Introducci\u00f3n:<\/strong><\/span><\/p>\n<ul>\n<li>El acoplador r\u00e1pido macho de acero inoxidable OSM+OPM de MYFEQD es un acoplador r\u00e1pido neum\u00e1tico con conexiones de rosca externa en ambos extremos, adecuado para herramientas neum\u00e1ticas y componentes neum\u00e1ticos con interfaces de rosca interna. Adopta una estructura de bloqueo mec\u00e1nico, que puede lograr una r\u00e1pida conexi\u00f3n y desmontaje, reduciendo en gran medida la intensidad de trabajo de la instalaci\u00f3n manual.<\/li>\n<li>Su estructura general est\u00e1 hecha de acero inoxidable 304, que es m\u00e1s hermoso, resistente a la corrosi\u00f3n, resistente al desgaste y no es f\u00e1cil de oxidar. Tiene 4 capas de anillos de sellado de caucho fluorado en el interior, que puede soportar altas temperaturas de -20\u2103~200\u2103.<\/li>\n<li>Roscas mecanizadas con precisi\u00f3n CNC, sus roscas est\u00e1ndar compatibles son las roscas PT (R, ZG), que son PT1\/8=01.PT1\/4=02.PT3\/8=03. Tambi\u00e9n puede adaptarse a roscas M y roscas G. MYFEQD tambi\u00e9n puede realizar roscas personalizadas seg\u00fan las necesidades.<\/li>\n<\/ul>\n<p><strong><span style=\"font-size: 18pt;\">C\u00f3digo de pedido:<\/span><\/strong><\/p>\n<p><img fetchpriority=\"high\" decoding=\"async\" class=\"wp-image-6497 size-full aligncenter\" src=\"https:\/\/myfeqd.com\/wp-content\/uploads\/2025\/05\/Quick-Coupler-Order-code-OSMOPM.jpg\" alt=\"Quick Coupler Order code OSM+OPM\" width=\"950\" height=\"500\" srcset=\"https:\/\/myfeqd.com\/wp-content\/uploads\/2025\/05\/Quick-Coupler-Order-code-OSMOPM.jpg 950w, https:\/\/myfeqd.com\/wp-content\/uploads\/2025\/05\/Quick-Coupler-Order-code-OSMOPM-300x158.jpg 300w, https:\/\/myfeqd.com\/wp-content\/uploads\/2025\/05\/Quick-Coupler-Order-code-OSMOPM-768x404.jpg 768w, https:\/\/myfeqd.com\/wp-content\/uploads\/2025\/05\/Quick-Coupler-Order-code-OSMOPM-600x316.jpg 600w\" sizes=\"(max-width: 950px) 100vw, 950px\" \/><\/p>\n<p><span style=\"font-size: 18pt;\"><strong>Par\u00e1metros t\u00e9cnicos:<\/strong><\/span><\/p>\n<table style=\"border-collapse: collapse; width: 100%;\">\n<tbody>\n<tr>\n<td style=\"width: 50%;\">Fluido:<\/td>\n<td style=\"width: 50%;\">Aire,Si utiliza l\u00edquido, p\u00f3ngase en contacto con la f\u00e1brica<\/td>\n<\/tr>\n<tr>\n<td style=\"width: 50%;\">Presi\u00f3n m\u00e1xima de prueba:<\/td>\n<td style=\"width: 50%;\">1,32Mpa (13,5kgf\/cm\u00b2\uff09<\/td>\n<\/tr>\n<tr>\n<td style=\"width: 50%;\">Rango de presi\u00f3n de trabajo:<\/td>\n<td style=\"width: 50%;\">0~0,9Mpa (0~10,2kgf\/cm\u00b2\uff09<\/td>\n<\/tr>\n<tr>\n<td style=\"width: 50%;\">Temperatura ambiente:<\/td>\n<td style=\"width: 50%;\">-20~200\u2103<\/td>\n<\/tr>\n<tr>\n<td style=\"width: 50%;\">Tuber\u00eda aplicable:<\/td>\n<td style=\"width: 50%;\">Tubo PU\/PA\/PE\/PEE<\/td>\n<\/tr>\n<\/tbody>\n<\/table>\n<ul>\n<li>OSM10+OPM10 es adecuado para herramientas neum\u00e1ticas con rosca interna PT1\/8.<\/li>\n<li>OSM20+OPM20 es adecuado para herramientas neum\u00e1ticas con rosca interna PT1\/4.<\/li>\n<li>OSM30+OPM30 es adecuado para herramientas neum\u00e1ticas con rosca interna PT3\/8.<\/li>\n<li>OSM40+OPM40 es adecuado para herramientas neum\u00e1ticas con rosca interna PT1\/2.<\/li>\n<li>OSM600+OPM600 es adecuado para herramientas neum\u00e1ticas con interfaz PT3\/4 de rosca interna y externa.<\/li>\n<li>OSM800+OPM800 es adecuado para herramientas neum\u00e1ticas con interfaz de rosca interna y externa PT1 pulgadas.<\/li>\n<\/ul>\n<p><strong><span style=\"font-size: 18pt;\">Productos de la misma serie\uff1a<\/span><\/strong><\/p>\n<table style=\"border-collapse: collapse; width: 100%;\">\n<tbody>\n<tr>\n<td style=\"width: 33.3333%;\"><a href=\"https:\/\/myfeqd.com\/es\/producto\/ospopp-stainless-steel-pneumatic-quick-coupler\/\"><img decoding=\"async\" class=\"alignnone wp-image-6373 size-full\" src=\"https:\/\/myfeqd.com\/wp-content\/uploads\/2025\/05\/OSPOPP-Stainless-steel-pneumatic-quick-coupler.jpg\" alt=\"OSP+OPP Stainless steel pneumatic quick coupler\" width=\"640\" height=\"640\" srcset=\"https:\/\/myfeqd.com\/wp-content\/uploads\/2025\/05\/OSPOPP-Stainless-steel-pneumatic-quick-coupler.jpg 640w, https:\/\/myfeqd.com\/wp-content\/uploads\/2025\/05\/OSPOPP-Stainless-steel-pneumatic-quick-coupler-300x300.jpg 300w, https:\/\/myfeqd.com\/wp-content\/uploads\/2025\/05\/OSPOPP-Stainless-steel-pneumatic-quick-coupler-150x150.jpg 150w, https:\/\/myfeqd.com\/wp-content\/uploads\/2025\/05\/OSPOPP-Stainless-steel-pneumatic-quick-coupler-600x600.jpg 600w, https:\/\/myfeqd.com\/wp-content\/uploads\/2025\/05\/OSPOPP-Stainless-steel-pneumatic-quick-coupler-100x100.jpg 100w\" sizes=\"(max-width: 640px) 100vw, 640px\" \/><\/a><\/td>\n<td style=\"width: 33.3333%;\"><a href=\"https:\/\/myfeqd.com\/es\/producto\/oshoph-stainless-steel-air-quick-coupler\/\"><img decoding=\"async\" class=\"alignnone wp-image-6351 size-full\" src=\"https:\/\/myfeqd.com\/wp-content\/uploads\/2025\/05\/OSHOPH-Stainless-steel-air-quick-coupler.jpg\" alt=\"OSH+OPH Stainless steel air quick coupler\" width=\"640\" height=\"640\" srcset=\"https:\/\/myfeqd.com\/wp-content\/uploads\/2025\/05\/OSHOPH-Stainless-steel-air-quick-coupler.jpg 640w, https:\/\/myfeqd.com\/wp-content\/uploads\/2025\/05\/OSHOPH-Stainless-steel-air-quick-coupler-300x300.jpg 300w, https:\/\/myfeqd.com\/wp-content\/uploads\/2025\/05\/OSHOPH-Stainless-steel-air-quick-coupler-150x150.jpg 150w, https:\/\/myfeqd.com\/wp-content\/uploads\/2025\/05\/OSHOPH-Stainless-steel-air-quick-coupler-600x600.jpg 600w, https:\/\/myfeqd.com\/wp-content\/uploads\/2025\/05\/OSHOPH-Stainless-steel-air-quick-coupler-100x100.jpg 100w\" sizes=\"(max-width: 640px) 100vw, 640px\" \/><\/a><\/td>\n<td style=\"width: 33.3333%;\"><a href=\"https:\/\/myfeqd.com\/es\/producto\/osfopf-stainless-steel-female-quick-coupler\/\"><img loading=\"lazy\" decoding=\"async\" class=\"alignnone wp-image-6343 size-full\" src=\"https:\/\/myfeqd.com\/wp-content\/uploads\/2025\/05\/OSFOPF-Stainless-steel-female-quick-coupler.jpg\" alt=\"OSF+OPF Stainless steel female quick coupler\" width=\"640\" height=\"640\" srcset=\"https:\/\/myfeqd.com\/wp-content\/uploads\/2025\/05\/OSFOPF-Stainless-steel-female-quick-coupler.jpg 640w, https:\/\/myfeqd.com\/wp-content\/uploads\/2025\/05\/OSFOPF-Stainless-steel-female-quick-coupler-300x300.jpg 300w, https:\/\/myfeqd.com\/wp-content\/uploads\/2025\/05\/OSFOPF-Stainless-steel-female-quick-coupler-150x150.jpg 150w, https:\/\/myfeqd.com\/wp-content\/uploads\/2025\/05\/OSFOPF-Stainless-steel-female-quick-coupler-600x600.jpg 600w, https:\/\/myfeqd.com\/wp-content\/uploads\/2025\/05\/OSFOPF-Stainless-steel-female-quick-coupler-100x100.jpg 100w\" sizes=\"(max-width: 640px) 100vw, 640px\" \/><\/a><\/td>\n<\/tr>\n<\/tbody>\n<\/table>\n<p><span style=\"font-size: 18pt;\"><a href=\"https:\/\/myfeqd.com\/es\/categoria-producto\/pneumatic-fittings\/quick-coupler\/\"><strong>M\u00e1s informaci\u00f3n sobre productos relacionados<\/strong><\/a><\/span><\/p>\n<p><span style=\"font-size: 18pt;\"><a href=\"https:\/\/myfeqd.com\/es\/contact-us\/\"><strong>M\u00e1s informaci\u00f3n sobre productos relacionados Obtenga un presupuesto r\u00e1pido y gratuito<\/strong><\/a><\/span><\/p>","protected":false},"excerpt":{"rendered":"<ul>\n<li>Aumente la eficacia: cambie de herramienta neum\u00e1tica en 10 segundos<\/li>\n<li>Alto rendimiento de sellado; tasa de fuga de sellado &lt;0,1%, protecci\u00f3n de anillo de sellado de caucho de cuatro capas<\/li>\n<li>El funcionamiento con una sola mano y cierre autom\u00e1tico reduce la mano de obra del personal<\/li>\n<li>Gran compatibilidad: Hay estilo de rosca interna, estilo de rosca externa, estilo de tuber\u00eda de aire de conexi\u00f3n directa, y cada modelo se puede conectar entre s\u00ed<\/li>\n<\/ul>\n<p><span style=\"font-size: 18pt;\"><strong>SKU:<\/strong><\/span><\/p>\n<table style=\"border-collapse: collapse; width: 100%;\">\n<tbody>\n<tr>\n<td style=\"width: 10.8048%;\">Modelo:<\/td>\n<td style=\"width: 39.1207%;\">Especificaciones del hilo de interfaz\uff1a<\/td>\n<td style=\"width: 10.8793%;\">Modelo:<\/td>\n<td style=\"width: 39.1207%;\">Especificaciones del hilo de interfaz\uff1a<\/td>\n<\/tr>\n<tr>\n<td style=\"width: 10.8048%;\">OSM-10<\/td>\n<td style=\"width: 39.1207%;\">PT1\/8<\/td>\n<td style=\"width: 10.8793%;\">OPM-10<\/td>\n<td style=\"width: 39.1207%;\">PT1\/8<\/td>\n<\/tr>\n<tr>\n<td style=\"width: 10.8048%;\">OSM-20<\/td>\n<td style=\"width: 39.1207%;\">PT1\/4<\/td>\n<td style=\"width: 10.8793%;\">OPM-20<\/td>\n<td style=\"width: 39.1207%;\">PT1\/4<\/td>\n<\/tr>\n<tr>\n<td style=\"width: 10.8048%;\">OSM-30<\/td>\n<td style=\"width: 39.1207%;\">PT3\/8<\/td>\n<td style=\"width: 10.8793%;\">OPM-30<\/td>\n<td style=\"width: 39.1207%;\">PT3\/8<\/td>\n<\/tr>\n<tr>\n<td style=\"width: 10.8048%;\">OSM-40<\/td>\n<td style=\"width: 39.1207%;\">PT1\/2<\/td>\n<td style=\"width: 10.8793%;\">OPM-40<\/td>\n<td style=\"width: 39.1207%;\">PT1\/2<\/td>\n<\/tr>\n<tr>\n<td style=\"width: 10.8048%;\">OSM-600<\/td>\n<td style=\"width: 39.1207%;\">PT3\/4<\/td>\n<td style=\"width: 10.8793%;\">OPM-600<\/td>\n<td style=\"width: 39.1207%;\">PT3\/4<\/td>\n<\/tr>\n<tr>\n<td style=\"width: 10.8048%;\">OSM-800<\/td>\n<td style=\"width: 39.1207%;\">G1<\/td>\n<td style=\"width: 10.8793%;\">OPM-800<\/td>\n<td style=\"width: 39.1207%;\">G1<\/td>\n<\/tr>\n<\/tbody>\n<\/table>","protected":false},"featured_media":6359,"comment_status":"open","ping_status":"closed","template":"","meta":{"_uag_custom_page_level_css":""},"product_brand":[],"product_cat":[93],"product_tag":[],"class_list":{"0":"post-6358","1":"product","2":"type-product","3":"status-publish","4":"has-post-thumbnail","6":"product_cat-quick-coupler","8":"first","9":"instock","10":"shipping-taxable","11":"product-type-simple"},"yoast_head":"<!-- This site is optimized with the Yoast SEO plugin v27.5 - https:\/\/yoast.com\/product\/yoast-seo-wordpress\/ -->\n<title>OSM+OPM Stainless steel quick coupler male - MYFEQD Pneumatic<\/title>\n<meta name=\"description\" content=\"Introducing the core functions, technical parameters and related products of OSM+OPM Stainless steel quick coupler male. Click to learn more.\" \/>\n<meta name=\"robots\" content=\"index, follow, max-snippet:-1, max-image-preview:large, max-video-preview:-1\" \/>\n<link rel=\"canonical\" href=\"https:\/\/myfeqd.com\/es\/producto\/osmopm-stainless-steel-quick-coupler-male\/\" \/>\n<meta property=\"og:locale\" content=\"es_ES\" \/>\n<meta property=\"og:type\" content=\"article\" \/>\n<meta property=\"og:title\" content=\"OSM+OPM Stainless steel quick coupler male - MYFEQD Pneumatic\" \/>\n<meta property=\"og:description\" content=\"Introducing the core functions, technical parameters and related products of OSM+OPM Stainless steel quick coupler male. Click to learn more.\" \/>\n<meta property=\"og:url\" content=\"https:\/\/myfeqd.com\/es\/producto\/osmopm-stainless-steel-quick-coupler-male\/\" \/>\n<meta property=\"og:site_name\" content=\"MYFEQD Pneumatic\" \/>\n<meta property=\"article:publisher\" content=\"https:\/\/www.facebook.com\/people\/Yuan-Qi\/\" \/>\n<meta property=\"article:modified_time\" content=\"2025-06-06T13:23:10+00:00\" \/>\n<meta property=\"og:image\" content=\"https:\/\/myfeqd.com\/wp-content\/uploads\/2025\/05\/OSMOPM-Stainless-steel-quick-coupler-male.jpg\" \/>\n\t<meta property=\"og:image:width\" content=\"640\" \/>\n\t<meta property=\"og:image:height\" content=\"640\" \/>\n\t<meta property=\"og:image:type\" content=\"image\/jpeg\" \/>\n<meta name=\"twitter:card\" content=\"summary_large_image\" \/>\n<meta name=\"twitter:label1\" content=\"Tiempo de lectura\" \/>\n\t<meta name=\"twitter:data1\" content=\"3 minutos\" \/>\n<script type=\"application\/ld+json\" class=\"yoast-schema-graph\">{\"@context\":\"https:\\\/\\\/schema.org\",\"@graph\":[{\"@type\":\"WebPage\",\"@id\":\"https:\\\/\\\/myfeqd.com\\\/product\\\/osmopm-stainless-steel-quick-coupler-male\\\/\",\"url\":\"https:\\\/\\\/myfeqd.com\\\/product\\\/osmopm-stainless-steel-quick-coupler-male\\\/\",\"name\":\"OSM+OPM Stainless steel quick coupler male - MYFEQD Pneumatic\",\"isPartOf\":{\"@id\":\"https:\\\/\\\/myfeqd.com\\\/#website\"},\"primaryImageOfPage\":{\"@id\":\"https:\\\/\\\/myfeqd.com\\\/product\\\/osmopm-stainless-steel-quick-coupler-male\\\/#primaryimage\"},\"image\":{\"@id\":\"https:\\\/\\\/myfeqd.com\\\/product\\\/osmopm-stainless-steel-quick-coupler-male\\\/#primaryimage\"},\"thumbnailUrl\":\"https:\\\/\\\/myfeqd.com\\\/wp-content\\\/uploads\\\/2025\\\/05\\\/OSMOPM-Stainless-steel-quick-coupler-male.jpg\",\"datePublished\":\"2025-05-24T01:40:28+00:00\",\"dateModified\":\"2025-06-06T13:23:10+00:00\",\"description\":\"Introducing the core functions, technical parameters and related products of OSM+OPM Stainless steel quick coupler male. Click to learn more.\",\"breadcrumb\":{\"@id\":\"https:\\\/\\\/myfeqd.com\\\/product\\\/osmopm-stainless-steel-quick-coupler-male\\\/#breadcrumb\"},\"inLanguage\":\"es\",\"potentialAction\":[{\"@type\":\"ReadAction\",\"target\":[\"https:\\\/\\\/myfeqd.com\\\/product\\\/osmopm-stainless-steel-quick-coupler-male\\\/\"]}]},{\"@type\":\"ImageObject\",\"inLanguage\":\"es\",\"@id\":\"https:\\\/\\\/myfeqd.com\\\/product\\\/osmopm-stainless-steel-quick-coupler-male\\\/#primaryimage\",\"url\":\"https:\\\/\\\/myfeqd.com\\\/wp-content\\\/uploads\\\/2025\\\/05\\\/OSMOPM-Stainless-steel-quick-coupler-male.jpg\",\"contentUrl\":\"https:\\\/\\\/myfeqd.com\\\/wp-content\\\/uploads\\\/2025\\\/05\\\/OSMOPM-Stainless-steel-quick-coupler-male.jpg\",\"width\":640,\"height\":640,\"caption\":\"OSM+OPM Stainless steel quick coupler male\"},{\"@type\":\"BreadcrumbList\",\"@id\":\"https:\\\/\\\/myfeqd.com\\\/product\\\/osmopm-stainless-steel-quick-coupler-male\\\/#breadcrumb\",\"itemListElement\":[{\"@type\":\"ListItem\",\"position\":1,\"name\":\"\u9996\u9875\",\"item\":\"https:\\\/\\\/myfeqd.com\\\/\"},{\"@type\":\"ListItem\",\"position\":2,\"name\":\"Products\",\"item\":\"https:\\\/\\\/myfeqd.com\\\/products\\\/\"},{\"@type\":\"ListItem\",\"position\":3,\"name\":\"OSM+OPM Stainless steel quick coupler male\"}]},{\"@type\":\"WebSite\",\"@id\":\"https:\\\/\\\/myfeqd.com\\\/#website\",\"url\":\"https:\\\/\\\/myfeqd.com\\\/\",\"name\":\"MYFEQD Pneumatic\",\"description\":\"We are pneumatic manufacturer in China\",\"publisher\":{\"@id\":\"https:\\\/\\\/myfeqd.com\\\/#organization\"},\"alternateName\":\"MYFEQD Pneumatic\",\"potentialAction\":[{\"@type\":\"SearchAction\",\"target\":{\"@type\":\"EntryPoint\",\"urlTemplate\":\"https:\\\/\\\/myfeqd.com\\\/?s={search_term_string}\"},\"query-input\":{\"@type\":\"PropertyValueSpecification\",\"valueRequired\":true,\"valueName\":\"search_term_string\"}}],\"inLanguage\":\"es\"},{\"@type\":\"Organization\",\"@id\":\"https:\\\/\\\/myfeqd.com\\\/#organization\",\"name\":\"Pneumatic Manufacturer In China - MYFEQD Pneumatic\",\"url\":\"https:\\\/\\\/myfeqd.com\\\/\",\"logo\":{\"@type\":\"ImageObject\",\"inLanguage\":\"es\",\"@id\":\"https:\\\/\\\/myfeqd.com\\\/#\\\/schema\\\/logo\\\/image\\\/\",\"url\":\"https:\\\/\\\/myfeqd.com\\\/wp-content\\\/uploads\\\/2025\\\/03\\\/MYFEQD-Logo-NEW2.png\",\"contentUrl\":\"https:\\\/\\\/myfeqd.com\\\/wp-content\\\/uploads\\\/2025\\\/03\\\/MYFEQD-Logo-NEW2.png\",\"width\":350,\"height\":100,\"caption\":\"Pneumatic Manufacturer In China - MYFEQD Pneumatic\"},\"image\":{\"@id\":\"https:\\\/\\\/myfeqd.com\\\/#\\\/schema\\\/logo\\\/image\\\/\"},\"sameAs\":[\"https:\\\/\\\/www.facebook.com\\\/people\\\/Yuan-Qi\\\/\"]}]}<\/script>\n<!-- \/ Yoast SEO plugin. -->","yoast_head_json":{"title":"OSM+OPM Stainless steel quick coupler male - MYFEQD Pneumatic","description":"Introducing the core functions, technical parameters and related products of OSM+OPM Stainless steel quick coupler male. Click to learn more.","robots":{"index":"index","follow":"follow","max-snippet":"max-snippet:-1","max-image-preview":"max-image-preview:large","max-video-preview":"max-video-preview:-1"},"canonical":"https:\/\/myfeqd.com\/es\/producto\/osmopm-stainless-steel-quick-coupler-male\/","og_locale":"es_ES","og_type":"article","og_title":"OSM+OPM Stainless steel quick coupler male - MYFEQD Pneumatic","og_description":"Introducing the core functions, technical parameters and related products of OSM+OPM Stainless steel quick coupler male. Click to learn more.","og_url":"https:\/\/myfeqd.com\/es\/producto\/osmopm-stainless-steel-quick-coupler-male\/","og_site_name":"MYFEQD Pneumatic","article_publisher":"https:\/\/www.facebook.com\/people\/Yuan-Qi\/","article_modified_time":"2025-06-06T13:23:10+00:00","og_image":[{"width":640,"height":640,"url":"https:\/\/myfeqd.com\/wp-content\/uploads\/2025\/05\/OSMOPM-Stainless-steel-quick-coupler-male.jpg","type":"image\/jpeg"}],"twitter_card":"summary_large_image","twitter_misc":{"Tiempo de lectura":"3 minutos"},"schema":{"@context":"https:\/\/schema.org","@graph":[{"@type":"WebPage","@id":"https:\/\/myfeqd.com\/product\/osmopm-stainless-steel-quick-coupler-male\/","url":"https:\/\/myfeqd.com\/product\/osmopm-stainless-steel-quick-coupler-male\/","name":"OSM+OPM Stainless steel quick coupler male - MYFEQD Pneumatic","isPartOf":{"@id":"https:\/\/myfeqd.com\/#website"},"primaryImageOfPage":{"@id":"https:\/\/myfeqd.com\/product\/osmopm-stainless-steel-quick-coupler-male\/#primaryimage"},"image":{"@id":"https:\/\/myfeqd.com\/product\/osmopm-stainless-steel-quick-coupler-male\/#primaryimage"},"thumbnailUrl":"https:\/\/myfeqd.com\/wp-content\/uploads\/2025\/05\/OSMOPM-Stainless-steel-quick-coupler-male.jpg","datePublished":"2025-05-24T01:40:28+00:00","dateModified":"2025-06-06T13:23:10+00:00","description":"Introducing the core functions, technical parameters and related products of OSM+OPM Stainless steel quick coupler male. Click to learn more.","breadcrumb":{"@id":"https:\/\/myfeqd.com\/product\/osmopm-stainless-steel-quick-coupler-male\/#breadcrumb"},"inLanguage":"es","potentialAction":[{"@type":"ReadAction","target":["https:\/\/myfeqd.com\/product\/osmopm-stainless-steel-quick-coupler-male\/"]}]},{"@type":"ImageObject","inLanguage":"es","@id":"https:\/\/myfeqd.com\/product\/osmopm-stainless-steel-quick-coupler-male\/#primaryimage","url":"https:\/\/myfeqd.com\/wp-content\/uploads\/2025\/05\/OSMOPM-Stainless-steel-quick-coupler-male.jpg","contentUrl":"https:\/\/myfeqd.com\/wp-content\/uploads\/2025\/05\/OSMOPM-Stainless-steel-quick-coupler-male.jpg","width":640,"height":640,"caption":"OSM+OPM Stainless steel quick coupler male"},{"@type":"BreadcrumbList","@id":"https:\/\/myfeqd.com\/product\/osmopm-stainless-steel-quick-coupler-male\/#breadcrumb","itemListElement":[{"@type":"ListItem","position":1,"name":"\u9996\u9875","item":"https:\/\/myfeqd.com\/"},{"@type":"ListItem","position":2,"name":"Products","item":"https:\/\/myfeqd.com\/products\/"},{"@type":"ListItem","position":3,"name":"OSM+OPM Stainless steel quick coupler male"}]},{"@type":"WebSite","@id":"https:\/\/myfeqd.com\/#website","url":"https:\/\/myfeqd.com\/","name":"MYFEQD Pneumatic","description":"We are pneumatic manufacturer in China","publisher":{"@id":"https:\/\/myfeqd.com\/#organization"},"alternateName":"MYFEQD Pneumatic","potentialAction":[{"@type":"SearchAction","target":{"@type":"EntryPoint","urlTemplate":"https:\/\/myfeqd.com\/?s={search_term_string}"},"query-input":{"@type":"PropertyValueSpecification","valueRequired":true,"valueName":"search_term_string"}}],"inLanguage":"es"},{"@type":"Organization","@id":"https:\/\/myfeqd.com\/#organization","name":"Pneumatic Manufacturer In China - MYFEQD Pneumatic","url":"https:\/\/myfeqd.com\/","logo":{"@type":"ImageObject","inLanguage":"es","@id":"https:\/\/myfeqd.com\/#\/schema\/logo\/image\/","url":"https:\/\/myfeqd.com\/wp-content\/uploads\/2025\/03\/MYFEQD-Logo-NEW2.png","contentUrl":"https:\/\/myfeqd.com\/wp-content\/uploads\/2025\/03\/MYFEQD-Logo-NEW2.png","width":350,"height":100,"caption":"Pneumatic Manufacturer In China - MYFEQD Pneumatic"},"image":{"@id":"https:\/\/myfeqd.com\/#\/schema\/logo\/image\/"},"sameAs":["https:\/\/www.facebook.com\/people\/Yuan-Qi\/"]}]}},"uagb_featured_image_src":{"full":["https:\/\/myfeqd.com\/wp-content\/uploads\/2025\/05\/OSMOPM-Stainless-steel-quick-coupler-male.jpg",640,640,false],"thumbnail":["https:\/\/myfeqd.com\/wp-content\/uploads\/2025\/05\/OSMOPM-Stainless-steel-quick-coupler-male-150x150.jpg",150,150,true],"medium":["https:\/\/myfeqd.com\/wp-content\/uploads\/2025\/05\/OSMOPM-Stainless-steel-quick-coupler-male-300x300.jpg",300,300,true],"medium_large":["https:\/\/myfeqd.com\/wp-content\/uploads\/2025\/05\/OSMOPM-Stainless-steel-quick-coupler-male.jpg",640,640,false],"large":["https:\/\/myfeqd.com\/wp-content\/uploads\/2025\/05\/OSMOPM-Stainless-steel-quick-coupler-male.jpg",640,640,false],"1536x1536":["https:\/\/myfeqd.com\/wp-content\/uploads\/2025\/05\/OSMOPM-Stainless-steel-quick-coupler-male.jpg",640,640,false],"2048x2048":["https:\/\/myfeqd.com\/wp-content\/uploads\/2025\/05\/OSMOPM-Stainless-steel-quick-coupler-male.jpg",640,640,false],"trp-custom-language-flag":["https:\/\/myfeqd.com\/wp-content\/uploads\/2025\/05\/OSMOPM-Stainless-steel-quick-coupler-male.jpg",12,12,false],"woocommerce_thumbnail":["https:\/\/myfeqd.com\/wp-content\/uploads\/2025\/05\/OSMOPM-Stainless-steel-quick-coupler-male-300x457.jpg",300,457,true],"woocommerce_single":["https:\/\/myfeqd.com\/wp-content\/uploads\/2025\/05\/OSMOPM-Stainless-steel-quick-coupler-male-600x600.jpg",600,600,true],"woocommerce_gallery_thumbnail":["https:\/\/myfeqd.com\/wp-content\/uploads\/2025\/05\/OSMOPM-Stainless-steel-quick-coupler-male-100x100.jpg",100,100,true]},"uagb_author_info":{"display_name":"Calven Qi","author_link":"https:\/\/myfeqd.com\/es\/author\/"},"uagb_comment_info":0,"uagb_excerpt":"Improve efficiency: switch between pneumatic tools in 10 seconds Strong sealing performance; sealing leakage rate &lt;0.1%, four-layer rubber sealing ring protection Self-locking one-hand operation reduces the labor intensity of staff Strong compatibility: There are internal thread style, external thread style, direct connection air pipe style, and each model can be connected to each other SKU:&hellip;","_links":{"self":[{"href":"https:\/\/myfeqd.com\/es\/wp-json\/wp\/v2\/product\/6358","targetHints":{"allow":["GET"]}}],"collection":[{"href":"https:\/\/myfeqd.com\/es\/wp-json\/wp\/v2\/product"}],"about":[{"href":"https:\/\/myfeqd.com\/es\/wp-json\/wp\/v2\/types\/product"}],"replies":[{"embeddable":true,"href":"https:\/\/myfeqd.com\/es\/wp-json\/wp\/v2\/comments?post=6358"}],"wp:featuredmedia":[{"embeddable":true,"href":"https:\/\/myfeqd.com\/es\/wp-json\/wp\/v2\/media\/6359"}],"wp:attachment":[{"href":"https:\/\/myfeqd.com\/es\/wp-json\/wp\/v2\/media?parent=6358"}],"wp:term":[{"taxonomy":"product_brand","embeddable":true,"href":"https:\/\/myfeqd.com\/es\/wp-json\/wp\/v2\/product_brand?post=6358"},{"taxonomy":"product_cat","embeddable":true,"href":"https:\/\/myfeqd.com\/es\/wp-json\/wp\/v2\/product_cat?post=6358"},{"taxonomy":"product_tag","embeddable":true,"href":"https:\/\/myfeqd.com\/es\/wp-json\/wp\/v2\/product_tag?post=6358"}],"curies":[{"name":"wp","href":"https:\/\/api.w.org\/{rel}","templated":true}]}}