{"id":6382,"date":"2025-05-24T01:59:22","date_gmt":"2025-05-24T01:59:22","guid":{"rendered":"https:\/\/myfeqd.com\/?post_type=product&#038;p=6382"},"modified":"2025-06-10T01:36:18","modified_gmt":"2025-06-10T01:36:18","slug":"smy-smv-3-way-quick-connector","status":"publish","type":"product","link":"https:\/\/myfeqd.com\/es\/producto\/smy-smv-3-way-quick-connector\/","title":{"rendered":"SMY SMV Conector r\u00e1pido de 3 v\u00edas"},"content":{"rendered":"<p><span style=\"font-size: 18pt;\"><strong>Conector r\u00e1pido de 3 v\u00edas SMY SMV Introducci\u00f3n:<\/strong><\/span><\/p>\n<ul>\n<li>El conector r\u00e1pido de 3 v\u00edas SMY SMV de MYFEQD tiene una conexi\u00f3n fija roscada para entrada de aire en un extremo y un conector r\u00e1pido neum\u00e1tico para flujo de aire de tres v\u00edas y flujo de aire de dos v\u00edas en el otro extremo. Es adecuado para lugares donde se requiere un flujo de aire de varias v\u00edas. La estructura de bloqueo mec\u00e1nico puede lograr una r\u00e1pida conexi\u00f3n y desmontaje, reduciendo en gran medida la intensidad de trabajo de la instalaci\u00f3n manual.<\/li>\n<li>Su estructura general est\u00e1 hecha de acero al carbono (acero 08Al), y despu\u00e9s de una serie de procesos como el decapado y el cromado, es m\u00e1s bella, resistente a la corrosi\u00f3n, resistente al desgaste, de alta resistencia, y no es f\u00e1cil de oxidar. Requiere un manejo a dos manos,<\/li>\n<li>Roscas mecanizadas con precisi\u00f3n CNC, sus roscas est\u00e1ndar compatibles son las roscas PT (R, ZG), que son PT1\/4=02.PT3\/8=03.PT1\/2=04. Tambi\u00e9n puede adaptarse a roscas M, roscas G, y MYFEQD tambi\u00e9n puede realizar roscas personalizadas seg\u00fan sea necesario.<\/li>\n<\/ul>\n<p><span style=\"font-size: 18pt;\"><strong>C\u00f3digo de pedido:<\/strong><\/span><\/p>\n<p><img fetchpriority=\"high\" decoding=\"async\" class=\"wp-image-6515 size-full aligncenter\" src=\"https:\/\/myfeqd.com\/wp-content\/uploads\/2025\/05\/Quick-Coupler-Order-code-smvsmy.jpg\" alt=\"Quick Coupler Order code smv+smy\" width=\"950\" height=\"500\" srcset=\"https:\/\/myfeqd.com\/wp-content\/uploads\/2025\/05\/Quick-Coupler-Order-code-smvsmy.jpg 950w, https:\/\/myfeqd.com\/wp-content\/uploads\/2025\/05\/Quick-Coupler-Order-code-smvsmy-300x158.jpg 300w, https:\/\/myfeqd.com\/wp-content\/uploads\/2025\/05\/Quick-Coupler-Order-code-smvsmy-768x404.jpg 768w, https:\/\/myfeqd.com\/wp-content\/uploads\/2025\/05\/Quick-Coupler-Order-code-smvsmy-600x316.jpg 600w\" sizes=\"(max-width: 950px) 100vw, 950px\" \/><\/p>\n<p><span style=\"font-size: 18pt;\"><strong>Par\u00e1metros t\u00e9cnicos:<\/strong><\/span><\/p>\n<table style=\"border-collapse: collapse; width: 100%;\">\n<tbody>\n<tr>\n<td style=\"width: 40.3832%;\">Fluido:<\/td>\n<td style=\"width: 59.5431%;\">Aire,Si utiliza l\u00edquido, p\u00f3ngase en contacto con la f\u00e1brica<\/td>\n<\/tr>\n<tr>\n<td style=\"width: 40.3832%;\">Presi\u00f3n m\u00e1xima de prueba:<\/td>\n<td style=\"width: 59.5431%;\">1,32Mpa (13,5kgf\/cm\u00b2\uff09<\/td>\n<\/tr>\n<tr>\n<td style=\"width: 40.3832%;\">Rango de presi\u00f3n de trabajo:<\/td>\n<td style=\"width: 59.5431%;\">0~0,9Mpa (0~10,2kgf\/cm\u00b2\uff09<\/td>\n<\/tr>\n<tr>\n<td style=\"width: 40.3832%;\">Temperatura ambiente:<\/td>\n<td style=\"width: 59.5431%;\">0~60\u2103<\/td>\n<\/tr>\n<tr>\n<td style=\"width: 40.3832%;\">Tuber\u00eda aplicable:<\/td>\n<td style=\"width: 59.5431%;\">Tubo PU\/PA\/PE\/PEE<\/td>\n<\/tr>\n<\/tbody>\n<\/table>\n<p>Su extremo de entrada de aire es una conexi\u00f3n roscada de seguridad.<br \/>\nDispone de estructuras de rosca interior PT1\/4 y rosca exterior PT1\/2 para elegir.<br \/>\nSu otro extremo es una toma hembra de conector r\u00e1pido, que se divide en v\u00eda de aire de 2 v\u00edas y v\u00eda de aire de 3 v\u00edas.<\/p>\n<p><span style=\"font-size: 18pt;\"><strong>Productos de la misma serie\uff1a<\/strong><\/span><\/p>\n<table style=\"border-collapse: collapse; width: 100%;\">\n<tbody>\n<tr>\n<td style=\"width: 33.3333%;\"><a href=\"https:\/\/myfeqd.com\/es\/producto\/osmy-osmv-stainless-steel-3-way-quick-connector\/\"><img decoding=\"async\" class=\"alignnone wp-image-6365 size-full\" src=\"https:\/\/myfeqd.com\/wp-content\/uploads\/2025\/05\/OSMY-OSMV-Stainless-steel-3-way-quick-connector.jpg\" alt=\"OSMY OSMV Stainless steel 3 way quick connector\" width=\"640\" height=\"640\" srcset=\"https:\/\/myfeqd.com\/wp-content\/uploads\/2025\/05\/OSMY-OSMV-Stainless-steel-3-way-quick-connector.jpg 640w, https:\/\/myfeqd.com\/wp-content\/uploads\/2025\/05\/OSMY-OSMV-Stainless-steel-3-way-quick-connector-300x300.jpg 300w, https:\/\/myfeqd.com\/wp-content\/uploads\/2025\/05\/OSMY-OSMV-Stainless-steel-3-way-quick-connector-150x150.jpg 150w, https:\/\/myfeqd.com\/wp-content\/uploads\/2025\/05\/OSMY-OSMV-Stainless-steel-3-way-quick-connector-600x600.jpg 600w, https:\/\/myfeqd.com\/wp-content\/uploads\/2025\/05\/OSMY-OSMV-Stainless-steel-3-way-quick-connector-100x100.jpg 100w\" sizes=\"(max-width: 640px) 100vw, 640px\" \/><\/a><\/td>\n<td style=\"width: 33.3333%;\"><a href=\"https:\/\/myfeqd.com\/es\/producto\/osmy-osmv-plastic-steel-3-way-quick-connector\/\"><img decoding=\"async\" class=\"alignnone wp-image-6363 size-full\" src=\"https:\/\/myfeqd.com\/wp-content\/uploads\/2025\/05\/OSMY-OSMV-Plastic-steel-3-way-quick-connector.jpg\" alt=\"OSMY OSMV Plastic steel 3 way quick connector\" width=\"640\" height=\"640\" srcset=\"https:\/\/myfeqd.com\/wp-content\/uploads\/2025\/05\/OSMY-OSMV-Plastic-steel-3-way-quick-connector.jpg 640w, https:\/\/myfeqd.com\/wp-content\/uploads\/2025\/05\/OSMY-OSMV-Plastic-steel-3-way-quick-connector-300x300.jpg 300w, https:\/\/myfeqd.com\/wp-content\/uploads\/2025\/05\/OSMY-OSMV-Plastic-steel-3-way-quick-connector-150x150.jpg 150w, https:\/\/myfeqd.com\/wp-content\/uploads\/2025\/05\/OSMY-OSMV-Plastic-steel-3-way-quick-connector-600x600.jpg 600w, https:\/\/myfeqd.com\/wp-content\/uploads\/2025\/05\/OSMY-OSMV-Plastic-steel-3-way-quick-connector-100x100.jpg 100w\" sizes=\"(max-width: 640px) 100vw, 640px\" \/><\/a><\/td>\n<td style=\"width: 33.3333%;\"><a href=\"https:\/\/myfeqd.com\/es\/producto\/osmy-osmv-3-way-quick-connector\/\"><img loading=\"lazy\" decoding=\"async\" class=\"alignnone wp-image-6361 size-full\" src=\"https:\/\/myfeqd.com\/wp-content\/uploads\/2025\/05\/OSMY-OSMV-3-way-quick-connector.jpg\" alt=\"OSMY OSMV 3 way quick connector\" width=\"640\" height=\"640\" srcset=\"https:\/\/myfeqd.com\/wp-content\/uploads\/2025\/05\/OSMY-OSMV-3-way-quick-connector.jpg 640w, https:\/\/myfeqd.com\/wp-content\/uploads\/2025\/05\/OSMY-OSMV-3-way-quick-connector-300x300.jpg 300w, https:\/\/myfeqd.com\/wp-content\/uploads\/2025\/05\/OSMY-OSMV-3-way-quick-connector-150x150.jpg 150w, https:\/\/myfeqd.com\/wp-content\/uploads\/2025\/05\/OSMY-OSMV-3-way-quick-connector-600x600.jpg 600w, https:\/\/myfeqd.com\/wp-content\/uploads\/2025\/05\/OSMY-OSMV-3-way-quick-connector-100x100.jpg 100w\" sizes=\"(max-width: 640px) 100vw, 640px\" \/><\/a><\/td>\n<\/tr>\n<\/tbody>\n<\/table>\n<p>&nbsp;<\/p>\n<p><a href=\"https:\/\/myfeqd.com\/es\/categoria-producto\/pneumatic-fittings\/quick-coupler\/\"><strong>M\u00e1s informaci\u00f3n sobre productos relacionados<\/strong><\/a><\/p>\n<p><a href=\"https:\/\/myfeqd.com\/es\/contact-us\/\"><strong>Obtenga un presupuesto r\u00e1pido y gratuito<\/strong><\/a><\/p>","protected":false},"excerpt":{"rendered":"<ul>\n<li>Mejora de la eficacia, cambio completo de herramientas neum\u00e1ticas en 10 segundos<\/li>\n<li>Alto rendimiento de sellado, tasa de fuga de sellado &lt;0,1%, protecci\u00f3n de anillo de sellado de caucho de doble capa<\/li>\n<li>Funcionamiento ordinario con dos manos, lo que reduce la intensidad de trabajo de los operarios<\/li>\n<li>Entrada roscada de aire a presi\u00f3n, presi\u00f3n de aire segura y estable para evitar ca\u00eddas<\/li>\n<li>Desviaci\u00f3n r\u00e1pida de la presi\u00f3n del aire<\/li>\n<\/ul>\n<p><span style=\"font-size: 18pt;\"><strong>SKU:<\/strong><\/span><\/p>\n<table style=\"border-collapse: collapse; width: 100%; height: 72px;\">\n<tbody>\n<tr style=\"height: 24px;\">\n<td style=\"width: 25%; height: 24px;\">Modelo:<\/td>\n<td style=\"width: 25%; height: 24px;\">Descripci\u00f3n<\/td>\n<td style=\"width: 25%; height: 24px;\">Modelo<\/td>\n<td style=\"width: 25%; height: 24px;\">Descripci\u00f3n<\/td>\n<\/tr>\n<tr style=\"height: 24px;\">\n<td style=\"width: 25%; height: 48px;\" rowspan=\"2\">SMV<\/td>\n<td style=\"width: 25%; height: 24px;\">Entrada de aire de rosca interna PT1\/4, conexi\u00f3n r\u00e1pida de dos v\u00edas para conectar y desconectar la presi\u00f3n de aire. Com\u00fanmente conocida como rosca interna redonda de dos v\u00edas.<\/td>\n<td style=\"width: 25%; height: 48px;\" rowspan=\"2\">SMY<\/td>\n<td style=\"width: 25%; height: 24px;\">Entrada de aire de rosca interior PT1\/4, conexi\u00f3n r\u00e1pida de dos v\u00edas para conectar y desconectar la presi\u00f3n de aire. Com\u00fanmente conocida como rosca exterior redonda de dos v\u00edas.<\/td>\n<\/tr>\n<tr style=\"height: 24px;\">\n<td style=\"width: 25%; height: 24px;\">Entrada de aire de rosca exterior PT1\/2, conexi\u00f3n r\u00e1pida de dos v\u00edas para conectar y desconectar la presi\u00f3n de aire. Com\u00fanmente conocida como rosca exterior redonda de dos v\u00edas.<\/td>\n<td style=\"width: 25%; height: 24px;\">Entrada de aire de rosca exterior PT1\/2, conexi\u00f3n r\u00e1pida de tres v\u00edas para conectar y desconectar la presi\u00f3n de aire. Com\u00fanmente conocida como te redonda de rosca externa.<\/td>\n<\/tr>\n<\/tbody>\n<\/table>","protected":false},"featured_media":6383,"comment_status":"open","ping_status":"closed","template":"","meta":{"_uag_custom_page_level_css":""},"product_brand":[],"product_cat":[93],"product_tag":[],"class_list":{"0":"post-6382","1":"product","2":"type-product","3":"status-publish","4":"has-post-thumbnail","6":"product_cat-quick-coupler","8":"first","9":"instock","10":"shipping-taxable","11":"product-type-simple"},"yoast_head":"<!-- This site is optimized with the Yoast SEO plugin v27.5 - https:\/\/yoast.com\/product\/yoast-seo-wordpress\/ -->\n<title>SMY SMV 3 way quick connector - MYFEQD Pneumatic<\/title>\n<meta name=\"description\" content=\"Introduces the features, technical parameters and related products of SMY SMV 3 way quick connector. Click to learn more.\" \/>\n<meta name=\"robots\" content=\"index, follow, max-snippet:-1, max-image-preview:large, max-video-preview:-1\" \/>\n<link rel=\"canonical\" href=\"https:\/\/myfeqd.com\/es\/producto\/smy-smv-3-way-quick-connector\/\" \/>\n<meta property=\"og:locale\" content=\"es_ES\" \/>\n<meta property=\"og:type\" content=\"article\" \/>\n<meta property=\"og:title\" content=\"SMY SMV 3 way quick connector - MYFEQD Pneumatic\" \/>\n<meta property=\"og:description\" content=\"Introduces the features, technical parameters and related products of SMY SMV 3 way quick connector. Click to learn more.\" \/>\n<meta property=\"og:url\" content=\"https:\/\/myfeqd.com\/es\/producto\/smy-smv-3-way-quick-connector\/\" \/>\n<meta property=\"og:site_name\" content=\"MYFEQD Pneumatic\" \/>\n<meta property=\"article:publisher\" content=\"https:\/\/www.facebook.com\/people\/Yuan-Qi\/\" \/>\n<meta property=\"article:modified_time\" content=\"2025-06-10T01:36:18+00:00\" \/>\n<meta property=\"og:image\" content=\"https:\/\/myfeqd.com\/wp-content\/uploads\/2025\/05\/SMY-SMV-3-way-quick-connector.jpg\" \/>\n\t<meta property=\"og:image:width\" content=\"640\" \/>\n\t<meta property=\"og:image:height\" content=\"640\" \/>\n\t<meta property=\"og:image:type\" content=\"image\/jpeg\" \/>\n<meta name=\"twitter:card\" content=\"summary_large_image\" \/>\n<meta name=\"twitter:label1\" content=\"Tiempo de lectura\" \/>\n\t<meta name=\"twitter:data1\" content=\"2 minutos\" \/>\n<script type=\"application\/ld+json\" class=\"yoast-schema-graph\">{\"@context\":\"https:\\\/\\\/schema.org\",\"@graph\":[{\"@type\":\"WebPage\",\"@id\":\"https:\\\/\\\/myfeqd.com\\\/product\\\/smy-smv-3-way-quick-connector\\\/\",\"url\":\"https:\\\/\\\/myfeqd.com\\\/product\\\/smy-smv-3-way-quick-connector\\\/\",\"name\":\"SMY SMV 3 way quick connector - MYFEQD Pneumatic\",\"isPartOf\":{\"@id\":\"https:\\\/\\\/myfeqd.com\\\/#website\"},\"primaryImageOfPage\":{\"@id\":\"https:\\\/\\\/myfeqd.com\\\/product\\\/smy-smv-3-way-quick-connector\\\/#primaryimage\"},\"image\":{\"@id\":\"https:\\\/\\\/myfeqd.com\\\/product\\\/smy-smv-3-way-quick-connector\\\/#primaryimage\"},\"thumbnailUrl\":\"https:\\\/\\\/myfeqd.com\\\/wp-content\\\/uploads\\\/2025\\\/05\\\/SMY-SMV-3-way-quick-connector.jpg\",\"datePublished\":\"2025-05-24T01:59:22+00:00\",\"dateModified\":\"2025-06-10T01:36:18+00:00\",\"description\":\"Introduces the features, technical parameters and related products of SMY SMV 3 way quick connector. Click to learn more.\",\"breadcrumb\":{\"@id\":\"https:\\\/\\\/myfeqd.com\\\/product\\\/smy-smv-3-way-quick-connector\\\/#breadcrumb\"},\"inLanguage\":\"es\",\"potentialAction\":[{\"@type\":\"ReadAction\",\"target\":[\"https:\\\/\\\/myfeqd.com\\\/product\\\/smy-smv-3-way-quick-connector\\\/\"]}]},{\"@type\":\"ImageObject\",\"inLanguage\":\"es\",\"@id\":\"https:\\\/\\\/myfeqd.com\\\/product\\\/smy-smv-3-way-quick-connector\\\/#primaryimage\",\"url\":\"https:\\\/\\\/myfeqd.com\\\/wp-content\\\/uploads\\\/2025\\\/05\\\/SMY-SMV-3-way-quick-connector.jpg\",\"contentUrl\":\"https:\\\/\\\/myfeqd.com\\\/wp-content\\\/uploads\\\/2025\\\/05\\\/SMY-SMV-3-way-quick-connector.jpg\",\"width\":640,\"height\":640,\"caption\":\"SMY SMV 3 way quick connector\"},{\"@type\":\"BreadcrumbList\",\"@id\":\"https:\\\/\\\/myfeqd.com\\\/product\\\/smy-smv-3-way-quick-connector\\\/#breadcrumb\",\"itemListElement\":[{\"@type\":\"ListItem\",\"position\":1,\"name\":\"\u9996\u9875\",\"item\":\"https:\\\/\\\/myfeqd.com\\\/\"},{\"@type\":\"ListItem\",\"position\":2,\"name\":\"Products\",\"item\":\"https:\\\/\\\/myfeqd.com\\\/products\\\/\"},{\"@type\":\"ListItem\",\"position\":3,\"name\":\"SMY SMV 3 way quick connector\"}]},{\"@type\":\"WebSite\",\"@id\":\"https:\\\/\\\/myfeqd.com\\\/#website\",\"url\":\"https:\\\/\\\/myfeqd.com\\\/\",\"name\":\"MYFEQD Pneumatic\",\"description\":\"We are pneumatic manufacturer in China\",\"publisher\":{\"@id\":\"https:\\\/\\\/myfeqd.com\\\/#organization\"},\"alternateName\":\"MYFEQD Pneumatic\",\"potentialAction\":[{\"@type\":\"SearchAction\",\"target\":{\"@type\":\"EntryPoint\",\"urlTemplate\":\"https:\\\/\\\/myfeqd.com\\\/?s={search_term_string}\"},\"query-input\":{\"@type\":\"PropertyValueSpecification\",\"valueRequired\":true,\"valueName\":\"search_term_string\"}}],\"inLanguage\":\"es\"},{\"@type\":\"Organization\",\"@id\":\"https:\\\/\\\/myfeqd.com\\\/#organization\",\"name\":\"Pneumatic Manufacturer In China - MYFEQD Pneumatic\",\"url\":\"https:\\\/\\\/myfeqd.com\\\/\",\"logo\":{\"@type\":\"ImageObject\",\"inLanguage\":\"es\",\"@id\":\"https:\\\/\\\/myfeqd.com\\\/#\\\/schema\\\/logo\\\/image\\\/\",\"url\":\"https:\\\/\\\/myfeqd.com\\\/wp-content\\\/uploads\\\/2025\\\/03\\\/MYFEQD-Logo-NEW2.png\",\"contentUrl\":\"https:\\\/\\\/myfeqd.com\\\/wp-content\\\/uploads\\\/2025\\\/03\\\/MYFEQD-Logo-NEW2.png\",\"width\":350,\"height\":100,\"caption\":\"Pneumatic Manufacturer In China - MYFEQD Pneumatic\"},\"image\":{\"@id\":\"https:\\\/\\\/myfeqd.com\\\/#\\\/schema\\\/logo\\\/image\\\/\"},\"sameAs\":[\"https:\\\/\\\/www.facebook.com\\\/people\\\/Yuan-Qi\\\/\"]}]}<\/script>\n<!-- \/ Yoast SEO plugin. -->","yoast_head_json":{"title":"SMY SMV 3 way quick connector - MYFEQD Pneumatic","description":"Introduces the features, technical parameters and related products of SMY SMV 3 way quick connector. Click to learn more.","robots":{"index":"index","follow":"follow","max-snippet":"max-snippet:-1","max-image-preview":"max-image-preview:large","max-video-preview":"max-video-preview:-1"},"canonical":"https:\/\/myfeqd.com\/es\/producto\/smy-smv-3-way-quick-connector\/","og_locale":"es_ES","og_type":"article","og_title":"SMY SMV 3 way quick connector - MYFEQD Pneumatic","og_description":"Introduces the features, technical parameters and related products of SMY SMV 3 way quick connector. Click to learn more.","og_url":"https:\/\/myfeqd.com\/es\/producto\/smy-smv-3-way-quick-connector\/","og_site_name":"MYFEQD Pneumatic","article_publisher":"https:\/\/www.facebook.com\/people\/Yuan-Qi\/","article_modified_time":"2025-06-10T01:36:18+00:00","og_image":[{"width":640,"height":640,"url":"https:\/\/myfeqd.com\/wp-content\/uploads\/2025\/05\/SMY-SMV-3-way-quick-connector.jpg","type":"image\/jpeg"}],"twitter_card":"summary_large_image","twitter_misc":{"Tiempo de lectura":"2 minutos"},"schema":{"@context":"https:\/\/schema.org","@graph":[{"@type":"WebPage","@id":"https:\/\/myfeqd.com\/product\/smy-smv-3-way-quick-connector\/","url":"https:\/\/myfeqd.com\/product\/smy-smv-3-way-quick-connector\/","name":"SMY SMV 3 way quick connector - MYFEQD Pneumatic","isPartOf":{"@id":"https:\/\/myfeqd.com\/#website"},"primaryImageOfPage":{"@id":"https:\/\/myfeqd.com\/product\/smy-smv-3-way-quick-connector\/#primaryimage"},"image":{"@id":"https:\/\/myfeqd.com\/product\/smy-smv-3-way-quick-connector\/#primaryimage"},"thumbnailUrl":"https:\/\/myfeqd.com\/wp-content\/uploads\/2025\/05\/SMY-SMV-3-way-quick-connector.jpg","datePublished":"2025-05-24T01:59:22+00:00","dateModified":"2025-06-10T01:36:18+00:00","description":"Introduces the features, technical parameters and related products of SMY SMV 3 way quick connector. Click to learn more.","breadcrumb":{"@id":"https:\/\/myfeqd.com\/product\/smy-smv-3-way-quick-connector\/#breadcrumb"},"inLanguage":"es","potentialAction":[{"@type":"ReadAction","target":["https:\/\/myfeqd.com\/product\/smy-smv-3-way-quick-connector\/"]}]},{"@type":"ImageObject","inLanguage":"es","@id":"https:\/\/myfeqd.com\/product\/smy-smv-3-way-quick-connector\/#primaryimage","url":"https:\/\/myfeqd.com\/wp-content\/uploads\/2025\/05\/SMY-SMV-3-way-quick-connector.jpg","contentUrl":"https:\/\/myfeqd.com\/wp-content\/uploads\/2025\/05\/SMY-SMV-3-way-quick-connector.jpg","width":640,"height":640,"caption":"SMY SMV 3 way quick connector"},{"@type":"BreadcrumbList","@id":"https:\/\/myfeqd.com\/product\/smy-smv-3-way-quick-connector\/#breadcrumb","itemListElement":[{"@type":"ListItem","position":1,"name":"\u9996\u9875","item":"https:\/\/myfeqd.com\/"},{"@type":"ListItem","position":2,"name":"Products","item":"https:\/\/myfeqd.com\/products\/"},{"@type":"ListItem","position":3,"name":"SMY SMV 3 way quick connector"}]},{"@type":"WebSite","@id":"https:\/\/myfeqd.com\/#website","url":"https:\/\/myfeqd.com\/","name":"MYFEQD Pneumatic","description":"We are pneumatic manufacturer in China","publisher":{"@id":"https:\/\/myfeqd.com\/#organization"},"alternateName":"MYFEQD Pneumatic","potentialAction":[{"@type":"SearchAction","target":{"@type":"EntryPoint","urlTemplate":"https:\/\/myfeqd.com\/?s={search_term_string}"},"query-input":{"@type":"PropertyValueSpecification","valueRequired":true,"valueName":"search_term_string"}}],"inLanguage":"es"},{"@type":"Organization","@id":"https:\/\/myfeqd.com\/#organization","name":"Pneumatic Manufacturer In China - MYFEQD Pneumatic","url":"https:\/\/myfeqd.com\/","logo":{"@type":"ImageObject","inLanguage":"es","@id":"https:\/\/myfeqd.com\/#\/schema\/logo\/image\/","url":"https:\/\/myfeqd.com\/wp-content\/uploads\/2025\/03\/MYFEQD-Logo-NEW2.png","contentUrl":"https:\/\/myfeqd.com\/wp-content\/uploads\/2025\/03\/MYFEQD-Logo-NEW2.png","width":350,"height":100,"caption":"Pneumatic Manufacturer In China - MYFEQD Pneumatic"},"image":{"@id":"https:\/\/myfeqd.com\/#\/schema\/logo\/image\/"},"sameAs":["https:\/\/www.facebook.com\/people\/Yuan-Qi\/"]}]}},"uagb_featured_image_src":{"full":["https:\/\/myfeqd.com\/wp-content\/uploads\/2025\/05\/SMY-SMV-3-way-quick-connector.jpg",640,640,false],"thumbnail":["https:\/\/myfeqd.com\/wp-content\/uploads\/2025\/05\/SMY-SMV-3-way-quick-connector-150x150.jpg",150,150,true],"medium":["https:\/\/myfeqd.com\/wp-content\/uploads\/2025\/05\/SMY-SMV-3-way-quick-connector-300x300.jpg",300,300,true],"medium_large":["https:\/\/myfeqd.com\/wp-content\/uploads\/2025\/05\/SMY-SMV-3-way-quick-connector.jpg",640,640,false],"large":["https:\/\/myfeqd.com\/wp-content\/uploads\/2025\/05\/SMY-SMV-3-way-quick-connector.jpg",640,640,false],"1536x1536":["https:\/\/myfeqd.com\/wp-content\/uploads\/2025\/05\/SMY-SMV-3-way-quick-connector.jpg",640,640,false],"2048x2048":["https:\/\/myfeqd.com\/wp-content\/uploads\/2025\/05\/SMY-SMV-3-way-quick-connector.jpg",640,640,false],"trp-custom-language-flag":["https:\/\/myfeqd.com\/wp-content\/uploads\/2025\/05\/SMY-SMV-3-way-quick-connector.jpg",12,12,false],"woocommerce_thumbnail":["https:\/\/myfeqd.com\/wp-content\/uploads\/2025\/05\/SMY-SMV-3-way-quick-connector-300x457.jpg",300,457,true],"woocommerce_single":["https:\/\/myfeqd.com\/wp-content\/uploads\/2025\/05\/SMY-SMV-3-way-quick-connector-600x600.jpg",600,600,true],"woocommerce_gallery_thumbnail":["https:\/\/myfeqd.com\/wp-content\/uploads\/2025\/05\/SMY-SMV-3-way-quick-connector-100x100.jpg",100,100,true]},"uagb_author_info":{"display_name":"Calven Qi","author_link":"https:\/\/myfeqd.com\/es\/author\/"},"uagb_comment_info":0,"uagb_excerpt":"Improve efficiency, complete pneumatic tool switching in 10 seconds Strong sealing performance, sealing leakage rate &lt;0.1%, double-layer rubber sealing ring protection Ordinary two-handed operation, reducing the labor intensity of workers Threaded entry of pressurized air, safe and stable air pressure to prevent falling off Quick air pressure diversion SKU: Model: Description Model Description SMV PT1\/4&hellip;","_links":{"self":[{"href":"https:\/\/myfeqd.com\/es\/wp-json\/wp\/v2\/product\/6382","targetHints":{"allow":["GET"]}}],"collection":[{"href":"https:\/\/myfeqd.com\/es\/wp-json\/wp\/v2\/product"}],"about":[{"href":"https:\/\/myfeqd.com\/es\/wp-json\/wp\/v2\/types\/product"}],"replies":[{"embeddable":true,"href":"https:\/\/myfeqd.com\/es\/wp-json\/wp\/v2\/comments?post=6382"}],"wp:featuredmedia":[{"embeddable":true,"href":"https:\/\/myfeqd.com\/es\/wp-json\/wp\/v2\/media\/6383"}],"wp:attachment":[{"href":"https:\/\/myfeqd.com\/es\/wp-json\/wp\/v2\/media?parent=6382"}],"wp:term":[{"taxonomy":"product_brand","embeddable":true,"href":"https:\/\/myfeqd.com\/es\/wp-json\/wp\/v2\/product_brand?post=6382"},{"taxonomy":"product_cat","embeddable":true,"href":"https:\/\/myfeqd.com\/es\/wp-json\/wp\/v2\/product_cat?post=6382"},{"taxonomy":"product_tag","embeddable":true,"href":"https:\/\/myfeqd.com\/es\/wp-json\/wp\/v2\/product_tag?post=6382"}],"curies":[{"name":"wp","href":"https:\/\/api.w.org\/{rel}","templated":true}]}}